{"id":14916,"date":"2021-07-15T15:02:58","date_gmt":"2021-07-15T13:02:58","guid":{"rendered":"https:\/\/nav.com.pl\/?page_id=14916"},"modified":"2021-07-23T15:02:46","modified_gmt":"2021-07-23T13:02:46","slug":"pwr_platform","status":"publish","type":"page","link":"https:\/\/nav.com.pl\/en\/pwr_platform\/","title":{"rendered":"Power Platform &#8211; Na drodze do cyfrowej transformacji"},"content":{"rendered":"<p>[vc_row full_width=&#8221;stretch_row&#8221; full_height=&#8221;yes&#8221; content_placement=&#8221;middle&#8221; css=&#8221;.vc_custom_1626354253228{background: #112848 url(https:\/\/nav.com.pl\/wp-content\/uploads\/2021\/07\/PP.jpg?id=14764) !important;background-position: center !important;background-repeat: no-repeat !important;background-size: cover !important;}&#8221; el_class=&#8221;text-white&#8221; el_id=&#8221;page-header&#8221;][vc_column offset=&#8221;vc_col-lg-7 vc_col-md-9&#8243;]<div id=\"ins-heading-69f64c08c033e\" class=\"inv-section-heading-wrapper text-left position-relative header-border-left \"><div class=\"inv-section-heading-title padding-15px-bottom\"><h1 style=\"color: #343434\"  class=\"ins-section-heading-title-inner no-margin  default\"><\/h1><\/div><\/div>[vc_column_text][\/vc_column_text][\/vc_column][\/vc_row][vc_row full_width=&#8221;stretch_row&#8221; el_class=&#8221;bg-light&#8221; css=&#8221;.vc_custom_1618559902170{background-color: #f4f7fb !important;}&#8221;][vc_column css=&#8221;.vc_custom_1618561221452{padding-top: 16px !important;}&#8221;][vc_empty_space height=&#8221;70px&#8221;]<div id=\"ins-heading-69f64c08c0355\" class=\"inv-section-heading-wrapper text-center position-relative heading-title-md \"><div class=\"inv-section-heading-title padding-15px-bottom\"><h2 style=\"color: #343434\"  class=\"ins-section-heading-title-inner no-margin  default\">Uwolnij potencja\u0142 swoich danych i proces\u00f3w z Power Platform<\/h2><\/div><\/div>[vc_custom_heading text=&#8221;&#8221; font_container=&#8221;tag:p|text_align:center&#8221; use_theme_fonts=&#8221;yes&#8221;][vc_empty_space height=&#8221;70px&#8221;][vc_row_inner][vc_column_inner width=&#8221;1\/3&#8243;]<div id='ins-image-box69f64c08c0395' class='ins-image-box-wrapper ins-image-box-style-1 text-center thumb-icon thumb-icon-1 ' style='background-color: bg-white;'><div class='ins-image-box-inner'><div class='ins-image-box-img text-center'><img src='https:\/\/nav.com.pl\/wp-content\/uploads\/2021\/07\/Powerbic-1.png'><\/div><div class='ins-image-content-wrapper padding-25px-all  border-all'><div class='ins-image-box-title margin-10px-bottom'><span class='ins-image-box-title-inner letter-spacing-05 title-font font-weight-500 display-block text-small default'><span class='ins-image-box-number'><\/span> Analizuj dane z Power BI<\/span><\/div><p class='ins-image-box-text text-extra-large'>Continia Document Capture<\/p><div class='ins-image-box-title margin-15px-top'><a class='ins-image-box-btn text-extra-medium-gray default' href='#section-1' target=''>Dowiedz si\u0119 wi\u0119cej<i class='fa fa-long-arrow-right'><\/i><\/a><\/div><\/div><\/div><\/div><script type=\"text\/javascript\">\n\t\t(function(jQuery) {\n\t\t\t\t\t})(jQuery);\n\t\t\t\t\t\t<\/script>[\/vc_column_inner][vc_column_inner width=&#8221;1\/3&#8243;]<div id='ins-image-box69f64c08c1399' class='ins-image-box-wrapper ins-image-box-style-1 text-center thumb-icon thumb-icon-2 ' style='background-color: bg-white;'><div class='ins-image-box-inner'><div class='ins-image-box-img text-center'><img src='https:\/\/nav.com.pl\/wp-content\/uploads\/2021\/07\/pwrapps1.png'><\/div><div class='ins-image-content-wrapper padding-25px-all  border-all'><div class='ins-image-box-title margin-10px-bottom'><span class='ins-image-box-title-inner letter-spacing-05 title-font font-weight-500 display-block text-small default'><span class='ins-image-box-number'><\/span> Zwi\u0119kszaj efektywno\u015b\u0107 z Power Apps<\/span><\/div><p class='ins-image-box-text text-large'>Netronic Production Scheduler<\/p><div class='ins-image-box-title margin-15px-top'><a class='ins-image-box-btn text-extra-medium-gray default' href='#section-2' target=''>Dowiedz si\u0119 wi\u0119cej<i class='fa fa-long-arrow-right'><\/i><\/a><\/div><\/div><\/div><\/div><script type=\"text\/javascript\">\n\t\t(function(jQuery) {\n\t\t\t\t\t})(jQuery);\n\t\t\t\t\t\t<\/script>[\/vc_column_inner][vc_column_inner width=&#8221;1\/3&#8243;]<div id='ins-image-box69f64c08c19bc' class='ins-image-box-wrapper ins-image-box-style-1 text-center thumb-icon thumb-icon-3 ' style='background-color: bg-white;'><div class='ins-image-box-inner'><div class='ins-image-box-img text-center'><img src='https:\/\/nav.com.pl\/wp-content\/uploads\/2021\/07\/pwr-aut-na-str.png'><\/div><div class='ins-image-content-wrapper padding-25px-all  border-all'><div class='ins-image-box-title margin-10px-bottom'><span class='ins-image-box-title-inner letter-spacing-05 title-font font-weight-500 display-block text-small default'><span class='ins-image-box-number'><\/span> Automatyzuj z Power Automate<\/span><\/div><p class='ins-image-box-text text-large'>Customer Insights<\/p><div class='ins-image-box-title margin-15px-top'><a class='ins-image-box-btn text-extra-medium-gray default' href='#section-3' target=''>Dowiedz si\u0119 wi\u0119cej<i class='fa fa-long-arrow-right'><\/i><\/a><\/div><\/div><\/div><\/div><script type=\"text\/javascript\">\n\t\t(function(jQuery) {\n\t\t\t\t\t})(jQuery);\n\t\t\t\t\t\t<\/script>[\/vc_column_inner][\/vc_row_inner][vc_empty_space height=&#8221;70px&#8221;][\/vc_column][\/vc_row][vc_row][vc_column][vc_empty_space height=&#8221;6px&#8221;][vc_row_inner el_class=&#8221;about-section left-col-padding&#8221; el_id=&#8221;section-1&#8243;][vc_column_inner el_class=&#8221;column-inner-px-0&#8243; width=&#8221;1\/2&#8243;][vc_single_image image=&#8221;13881&#8243; img_size=&#8221;full&#8221;][vc_empty_space][\/vc_column_inner][vc_column_inner width=&#8221;1\/2&#8243;]<div id=\"ins-heading-69f64c08c505e\" class=\"inv-section-heading-wrapper text-left position-relative header-border-left  vc_custom_1620135777028\"><div class=\"inv-section-heading-title padding-15px-bottom\"><h3 style=\"color: #343434\"  class=\"ins-section-heading-title-inner no-margin  default\">Continia Document Capture<\/h3><\/div><\/div>[vc_column_text]Continia Document Capture jest kompleksowym rozwi\u0105zaniem s\u0142u\u017c\u0105cym cyfrowym rozpoznawaniu dokument\u00f3w.<\/p>\n<p>Dzi\u0119ki Document Capture mo\u017cesz zautomatyzowa\u0107 ka\u017cdy etap codziennego przetwarzania faktur od otrzymywania i rejestrowania dokument\u00f3w a\u017c po si\u0119gania po nie dla cel\u00f3w audytowych i raportowych.<\/p>\n<p>Opr\u00f3cz g\u0142\u00f3wnej funkcji OCR, Continia Document Capture oferuje r\u00f3wnie\u017c funkcjonalno\u015b\u0107 akceptacji faktur a tak\u017ce ich cyfrowej archiwizacji.[\/vc_column_text][\/vc_column_inner][\/vc_row_inner][vc_empty_space height=&#8221;120px&#8221;][vc_row_inner rtl_reverse=&#8221;yes&#8221; el_class=&#8221;about-section right-col-padding&#8221; el_id=&#8221;section-2&#8243;][vc_column_inner width=&#8221;1\/2&#8243;]<div id=\"ins-heading-69f64c08c506f\" class=\"inv-section-heading-wrapper text-left position-relative header-border-left  vc_custom_1620135761783\"><div class=\"inv-section-heading-title padding-15px-bottom\"><h3 style=\"color: #343434\"  class=\"ins-section-heading-title-inner no-margin  default\">Visual Advanced Production Scheduler<\/h3><\/div><\/div>[vc_column_text]Netronic Production Scheduler to rozwi\u0105zanie zapewniaj\u0105ce wysok\u0105 transparentno\u015b\u0107 obecnych w systemie zlece\u0144 produkcyjnych, marszrut, termin\u00f3w realizacji, obci\u0105\u017ce\u0144 stanowisk roboczych, a tak\u017ce w\u0105skich garde\u0142 produkcyjnych.<\/p>\n<p>Dzi\u0119ki kompleksowej platformie oferuj\u0105cej podgl\u0105d na wszystkie elementy procesu produkcyjnego, osoby planuj\u0105ce b\u0119d\u0105 mog\u0142y szybko zareagowa\u0107 na nieplanowane zdarzenia na hali produkcyjnej.[\/vc_column_text][\/vc_column_inner][vc_column_inner el_class=&#8221;column-inner-px-0&#8243; width=&#8221;1\/2&#8243;][vc_single_image image=&#8221;13876&#8243; img_size=&#8221;full&#8221;][\/vc_column_inner][\/vc_row_inner][vc_empty_space height=&#8221;120px&#8221;][vc_row_inner el_class=&#8221;about-section left-col-padding&#8221; el_id=&#8221;section-3&#8243;][vc_column_inner el_class=&#8221;column-inner-px-0&#8243; width=&#8221;1\/2&#8243;][vc_single_image image=&#8221;13877&#8243; img_size=&#8221;full&#8221;][\/vc_column_inner][vc_column_inner width=&#8221;1\/2&#8243;]<div id=\"ins-heading-69f64c08c5079\" class=\"inv-section-heading-wrapper text-left position-relative header-border-left  vc_custom_1620135673230\"><div class=\"inv-section-heading-title padding-15px-bottom\"><h3 style=\"color: #343434\"  class=\"ins-section-heading-title-inner no-margin  default\">Customer Insights<\/h3><\/div><\/div>[vc_column_text]Customer Insights to dodatek umo\u017cliwiaj\u0105cy intuicyjn\u0105 i inteligentn\u0105 sprzeda\u017c w oparciu o kompleksow\u0105 wiedz\u0119 na temat klient\u00f3w.<\/p>\n<p>Dodatek dostarcza pe\u0142nego obrazu dzia\u0142a\u0144 i interakcji podj\u0119tych przez klient\u00f3w, dzi\u0119ki czemu mo\u017cna wyci\u0105gn\u0105\u0107 szybkie wnioski i przewidywa\u0107 potrzeby klient\u00f3w.<\/p>\n<p>Dzi\u0119ki sztucznej inteligencji zawartej w narz\u0119dziu Customer Insights zyskasz dost\u0119p r\u00f3wnie\u017c do takich wska\u017anik\u00f3w, jak prognozy spodziewanej konwersji lead\u2019\u00f3w w klient\u00f3w, czy wska\u017anik zadowolenia obecnych klient\u00f3w.[\/vc_column_text][\/vc_column_inner][\/vc_row_inner][\/vc_column][\/vc_row]<\/p>\n","protected":false},"excerpt":{"rendered":"<p>[vc_row full_width=&#8221;stretch_row&#8221; full_height=&#8221;yes&#8221; content_placement=&#8221;middle&#8221; css=&#8221;.vc_custom_1626354253228{background: #112848 url(https:\/\/nav.com.pl\/wp-content\/uploads\/2021\/07\/PP.jpg?id=14764) !important;background-position: center !important;background-repeat: no-repeat !important;background-size: cover !important;}&#8221; el_class=&#8221;text-white&#8221; el_id=&#8221;page-header&#8221;][vc_column offset=&#8221;vc_col-lg-7 vc_col-md-9&#8243;][vc_column_text][\/vc_column_text][\/vc_column][\/vc_row][vc_row full_width=&#8221;stretch_row&#8221; el_class=&#8221;bg-light&#8221; css=&#8221;.vc_custom_1618559902170{background-color: #f4f7fb !important;}&#8221;][vc_column css=&#8221;.vc_custom_1618561221452{padding-top: 16px [&hellip;]<\/p>\n","protected":false},"author":3,"featured_media":0,"parent":0,"menu_order":0,"comment_status":"closed","ping_status":"closed","template":"","meta":{"inline_featured_image":false,"_mi_skip_tracking":false},"translation":{"provider":"WPGlobus","version":"3.0.2","language":"en","enabled_languages":["pl","en"],"languages":{"pl":{"title":true,"content":true,"excerpt":false},"en":{"title":false,"content":true,"excerpt":false}}},"yoast_head":"<!-- This site is optimized with the Yoast SEO plugin v21.8.1 - https:\/\/yoast.com\/wordpress\/plugins\/seo\/ -->\n<title>Power Platform - Na drodze do cyfrowej transformacji - NAVCOM<\/title>\n<meta name=\"robots\" content=\"index, follow, max-snippet:-1, max-image-preview:large, max-video-preview:-1\" \/>\n<link rel=\"canonical\" href=\"https:\/\/nav.com.pl\/pwr_platform\/\" \/>\n<meta property=\"og:locale\" content=\"en_US\" \/>\n<meta property=\"og:type\" content=\"article\" \/>\n<meta property=\"og:title\" content=\"Power Platform - Na drodze do cyfrowej transformacji - NAVCOM\" \/>\n<meta property=\"og:url\" content=\"https:\/\/nav.com.pl\/pwr_platform\/\" \/>\n<meta property=\"og:site_name\" content=\"NAVCOM\" \/>\n<meta property=\"article:modified_time\" content=\"2021-07-23T13:02:46+00:00\" \/>\n<meta name=\"twitter:card\" content=\"summary_large_image\" \/>\n<meta name=\"twitter:label1\" content=\"Est. reading time\" \/>\n\t<meta name=\"twitter:data1\" content=\"8 minutes\" \/>\n<script type=\"application\/ld+json\" class=\"yoast-schema-graph\">{\"@context\":\"https:\/\/schema.org\",\"@graph\":[{\"@type\":\"WebPage\",\"@id\":\"https:\/\/nav.com.pl\/pwr_platform\/\",\"url\":\"https:\/\/nav.com.pl\/pwr_platform\/\",\"name\":\"Power Platform - Na drodze do cyfrowej transformacji - NAVCOM\",\"isPartOf\":{\"@id\":\"https:\/\/nav.com.pl\/#website\"},\"datePublished\":\"2021-07-15T13:02:58+00:00\",\"dateModified\":\"2021-07-23T13:02:46+00:00\",\"breadcrumb\":{\"@id\":\"https:\/\/nav.com.pl\/pwr_platform\/#breadcrumb\"},\"inLanguage\":\"en-US\",\"potentialAction\":[{\"@type\":\"ReadAction\",\"target\":[\"https:\/\/nav.com.pl\/pwr_platform\/\"]}]},{\"@type\":\"BreadcrumbList\",\"@id\":\"https:\/\/nav.com.pl\/pwr_platform\/#breadcrumb\",\"itemListElement\":[{\"@type\":\"ListItem\",\"position\":1,\"name\":\"Strona g\u0142\u00f3wna\",\"item\":\"https:\/\/nav.com.pl\/\"},{\"@type\":\"ListItem\",\"position\":2,\"name\":\"Power Platform &#8211; Na drodze do cyfrowej transformacji\"}]},{\"@type\":\"WebSite\",\"@id\":\"https:\/\/nav.com.pl\/#website\",\"url\":\"https:\/\/nav.com.pl\/\",\"name\":\"NAVCOM\",\"description\":\"\",\"potentialAction\":[{\"@type\":\"SearchAction\",\"target\":{\"@type\":\"EntryPoint\",\"urlTemplate\":\"https:\/\/nav.com.pl\/?s={search_term_string}\"},\"query-input\":\"required name=search_term_string\"}],\"inLanguage\":\"en-US\"}]}<\/script>\n<!-- \/ Yoast SEO plugin. -->","yoast_head_json":{"title":"Power Platform - Na drodze do cyfrowej transformacji - NAVCOM","robots":{"index":"index","follow":"follow","max-snippet":"max-snippet:-1","max-image-preview":"max-image-preview:large","max-video-preview":"max-video-preview:-1"},"canonical":"https:\/\/nav.com.pl\/pwr_platform\/","og_locale":"en_US","og_type":"article","og_title":"Power Platform - Na drodze do cyfrowej transformacji - NAVCOM","og_url":"https:\/\/nav.com.pl\/pwr_platform\/","og_site_name":"NAVCOM","article_modified_time":"2021-07-23T13:02:46+00:00","twitter_card":"summary_large_image","twitter_misc":{"Est. reading time":"8 minutes"},"schema":{"@context":"https:\/\/schema.org","@graph":[{"@type":"WebPage","@id":"https:\/\/nav.com.pl\/pwr_platform\/","url":"https:\/\/nav.com.pl\/pwr_platform\/","name":"Power Platform - Na drodze do cyfrowej transformacji - NAVCOM","isPartOf":{"@id":"https:\/\/nav.com.pl\/#website"},"datePublished":"2021-07-15T13:02:58+00:00","dateModified":"2021-07-23T13:02:46+00:00","breadcrumb":{"@id":"https:\/\/nav.com.pl\/pwr_platform\/#breadcrumb"},"inLanguage":"en-US","potentialAction":[{"@type":"ReadAction","target":["https:\/\/nav.com.pl\/pwr_platform\/"]}]},{"@type":"BreadcrumbList","@id":"https:\/\/nav.com.pl\/pwr_platform\/#breadcrumb","itemListElement":[{"@type":"ListItem","position":1,"name":"Strona g\u0142\u00f3wna","item":"https:\/\/nav.com.pl\/"},{"@type":"ListItem","position":2,"name":"Power Platform &#8211; Na drodze do cyfrowej transformacji"}]},{"@type":"WebSite","@id":"https:\/\/nav.com.pl\/#website","url":"https:\/\/nav.com.pl\/","name":"NAVCOM","description":"","potentialAction":[{"@type":"SearchAction","target":{"@type":"EntryPoint","urlTemplate":"https:\/\/nav.com.pl\/?s={search_term_string}"},"query-input":"required name=search_term_string"}],"inLanguage":"en-US"}]}},"_links":{"self":[{"href":"https:\/\/nav.com.pl\/en\/wp-json\/wp\/v2\/pages\/14916"}],"collection":[{"href":"https:\/\/nav.com.pl\/en\/wp-json\/wp\/v2\/pages"}],"about":[{"href":"https:\/\/nav.com.pl\/en\/wp-json\/wp\/v2\/types\/page"}],"author":[{"embeddable":true,"href":"https:\/\/nav.com.pl\/en\/wp-json\/wp\/v2\/users\/3"}],"replies":[{"embeddable":true,"href":"https:\/\/nav.com.pl\/en\/wp-json\/wp\/v2\/comments?post=14916"}],"version-history":[{"count":4,"href":"https:\/\/nav.com.pl\/en\/wp-json\/wp\/v2\/pages\/14916\/revisions"}],"predecessor-version":[{"id":15084,"href":"https:\/\/nav.com.pl\/en\/wp-json\/wp\/v2\/pages\/14916\/revisions\/15084"}],"wp:attachment":[{"href":"https:\/\/nav.com.pl\/en\/wp-json\/wp\/v2\/media?parent=14916"}],"curies":[{"name":"wp","href":"https:\/\/api.w.org\/{rel}","templated":true}]}}