{"id":14744,"date":"2021-07-01T14:41:32","date_gmt":"2021-07-01T12:41:32","guid":{"rendered":"https:\/\/nav.com.pl\/?page_id=14744"},"modified":"2021-07-23T14:18:30","modified_gmt":"2021-07-23T12:18:30","slug":"cust-dynamics-sales-funkcjonalnosci-pomocnicza","status":"publish","type":"page","link":"https:\/\/nav.com.pl\/en\/cust-dynamics-sales-funkcjonalnosci-pomocnicza\/","title":{"rendered":"Cust. Dynamics Sales funkcjonalno\u015bci pomocnicza"},"content":{"rendered":"<p>[vc_row full_width=&#8221;stretch_row&#8221; full_height=&#8221;yes&#8221; content_placement=&#8221;middle&#8221; css=&#8221;.vc_custom_1620802870092{background: #092c59 url(https:\/\/nav.com.pl\/wp-content\/uploads\/2021\/05\/sprzed2.png?id=14095) !important;background-position: center !important;background-repeat: no-repeat !important;background-size: cover !important;}&#8221; el_class=&#8221;text-white&#8221; el_id=&#8221;page-header&#8221;][vc_column offset=&#8221;vc_col-lg-10&#8243;]<div id=\"ins-heading-69d1d1ee41fe0\" class=\"inv-section-heading-wrapper text-left position-relative header-border-left \"><div class=\"inv-section-heading-title padding-15px-bottom\"><h1 style=\"color: #343434\"  class=\"ins-section-heading-title-inner no-margin  default\">Dynamics 365 for Sales<\/h1><\/div><\/div>[vc_column_text]<span style=\"font-weight: 400;\">Inteligentna sprzeda\u017c na wyci\u0105gni\u0119cie r\u0119ki<\/span>[\/vc_column_text][\/vc_column][\/vc_row][vc_row full_width=&#8221;stretch_row&#8221; el_class=&#8221;buttons-menu-wrap&#8221; css=&#8221;.vc_custom_1618560891835{background-color: #f4f7fb !important;}&#8221;][vc_column][vc_row_inner el_class=&#8221;buttons-menu&#8221;][vc_column_inner el_class=&#8221;buttons-menu-inner&#8221;][vc_btn title=&#8221;Sales&#8221; style=&#8221;flat&#8221; color=&#8221;white&#8221; el_class=&#8221;btn-ico btn-ico-coins btn-ico-active&#8221; link=&#8221;url:https%3A%2F%2Fnav.com.pl%2Fcrm%2Fsales%2F|title:Sales||&#8221;][vc_btn title=&#8221;Customer Service&#8221; style=&#8221;flat&#8221; color=&#8221;white&#8221; el_class=&#8221;btn-ico btn-ico-process&#8221; link=&#8221;url:https%3A%2F%2Fnav.com.pl%2Fcrm%2Fcustomer-service%2F|title:Customer%20Service||&#8221;][vc_btn title=&#8221;Marketing&#8221; style=&#8221;flat&#8221; color=&#8221;white&#8221; el_class=&#8221;btn-ico btn-ico-raport&#8221; link=&#8221;url:https%3A%2F%2Fnav.com.pl%2Fcrm%2Fmarketing%2F|title:Marketing||&#8221;][\/vc_column_inner][\/vc_row_inner][\/vc_column][\/vc_row][vc_row full_width=&#8221;stretch_row&#8221; disable_element=&#8221;yes&#8221; css=&#8221;.vc_custom_1620824235544{background-color: #f4f7fb !important;}&#8221;][vc_column][vc_row_inner content_placement=&#8221;middle&#8221; el_class=&#8221;about-section left-col-padding&#8221;][vc_column_inner width=&#8221;1\/2&#8243;][vc_single_image image=&#8221;14041&#8243; img_size=&#8221;full&#8221; style=&#8221;vc_box_shadow&#8221; el_class=&#8221;image-block-shadow image-block-circle&#8221;][vc_single_image image=&#8221;13705&#8243; img_size=&#8221;full&#8221; el_class=&#8221;fixed-icon fixed-icon-bottom-right&#8221;][\/vc_column_inner][vc_column_inner width=&#8221;1\/2&#8243;][vc_custom_heading text=&#8221;Inteligentna sprzeda\u017c na wyci\u0105gni\u0119cie r\u0119ki&#8221; font_container=&#8221;tag:h4|font_size:28px|text_align:left|color:%230b3264|line_height:42px&#8221; google_fonts=&#8221;font_family:Montserrat%3Aregular%2C700|font_style:700%20bold%20regular%3A700%3Anormal&#8221; el_class=&#8221;inv-section-heading-wrapper&#8221;][vc_column_text el_class=&#8221;list-style-arrow&#8221;]<\/p>\n<ul>\n<li>Inteligentna automatyzacja powtarzalnych i r\u0119cznych czynno\u015bci dla zwi\u0119kszenia responsywno\u015bci dzia\u0142u sprzeda\u017cy<\/li>\n<li>Widoki klienta wsparte sztuczn\u0105 inteligencj\u0105<\/li>\n<li>Zaawansowane modele oceniania tzw. lead\u2019\u00f3w dla lepszych wska\u017anik\u00f3w konwersji<\/li>\n<li>Jednolity proces sprzeda\u017cowy z mo\u017cliwo\u015bci\u0105 modyfikacji<\/li>\n<li>Dost\u0119p do szczeg\u00f3\u0142owej informacji na temat szans sprzeda\u017cowych w ka\u017cdym dziale firmy<\/li>\n<\/ul>\n<p>[\/vc_column_text][\/vc_column_inner][\/vc_row_inner][vc_empty_space height=&#8221;120px&#8221;][\/vc_column][\/vc_row][vc_row full_width=&#8221;stretch_row&#8221;][vc_column][vc_empty_space height=&#8221;65px&#8221;]<div id=\"ins-heading-69d1d1ee41ffa\" class=\"inv-section-heading-wrapper text-center position-relative header-lines \"><div class=\"inv-section-heading-title padding-15px-bottom\"><h2 style=\"color: #343434\"  class=\"ins-section-heading-title-inner no-margin  default\">Wypracuj sw\u00f3j idealny proces sprzeda\u017cowy z Dynamics365 for Sales<\/h2><\/div><\/div>[vc_empty_space height=&#8221;58px&#8221;][\/vc_column][\/vc_row][vc_row][vc_column][vc_tta_tabs style=&#8221;flat&#8221; color=&#8221;white&#8221; active_section=&#8221;1&#8243; el_class=&#8221;page-horrizontal-tabs custom-horrizontal-tabs&#8221;][vc_tta_section title=&#8221;Zautomatyzuj powtarzalne i r\u0119czne zadania&#8221; tab_id=&#8221;tab-przeplyw-pracy&#8221;][vc_row_inner][vc_column_inner el_class=&#8221;tab-content&#8221; css=&#8221;.vc_custom_1611843906123{margin-top: 30px !important;}&#8221; offset=&#8221;vc_col-lg-6 vc_col-md-6&#8243;][vc_custom_heading text=&#8221;Zautomatyzuj powtarzalne i r\u0119czne zadania&#8221; font_container=&#8221;tag:div|font_size:28px|text_align:left|color:%230b3264|line_height:32px&#8221; google_fonts=&#8221;font_family:Montserrat%3Aregular%2C700|font_style:700%20bold%20regular%3A700%3Anormal&#8221; el_class=&#8221;header-border-left&#8221; css=&#8221;.vc_custom_1620294948484{margin-bottom: 15px !important;}&#8221;][vc_column_text]<span style=\"font-weight: 400;\">Dynamics 365 for Sales zapewnia szerokie mo\u017cliwo\u015bci automatyzacji pocz\u0105wszy od zautomatyzowanych kampanii e-mailowych po tworzenie ofert, wycen czy faktur. Dynamics 365 Sales pozwala na ustawienie automatycznego przypominania kontaktu z lead\u2019ami na kolejnych etapach procesu sprzeda\u017cowego. Pomaga r\u00f3wnie\u017c skonfigurowa\u0107 us\u0142ugi e-mail w oparciu o status szansy sprzeda\u017cowej lub d\u0142ugo\u015b\u0107 jej obecno\u015bci w systemie.<\/span>[\/vc_column_text][\/vc_column_inner][vc_column_inner el_class=&#8221;tab-image&#8221; css=&#8221;.vc_custom_1611843923708{margin-top: -33px !important;}&#8221; offset=&#8221;vc_col-lg-6 vc_col-md-6&#8243;][vc_single_image image=&#8221;14040&#8243; img_size=&#8221;full&#8221;][\/vc_column_inner][\/vc_row_inner][\/vc_tta_section][vc_tta_section title=&#8221;Poszerz wiedz\u0119 na temat klient\u00f3w&#8221; tab_id=&#8221;tab-poziom-zapasow&#8221;][vc_row_inner][vc_column_inner el_class=&#8221;tab-content&#8221; css=&#8221;.vc_custom_1611843906123{margin-top: 30px !important;}&#8221; offset=&#8221;vc_col-lg-6 vc_col-md-6&#8243;][vc_custom_heading text=&#8221;Poszerz wiedz\u0119 na temat klient\u00f3w&#8221; font_container=&#8221;tag:div|font_size:28px|text_align:left|color:%230b3264|line_height:32px&#8221; google_fonts=&#8221;font_family:Montserrat%3Aregular%2C700|font_style:700%20bold%20regular%3A700%3Anormal&#8221; el_class=&#8221;header-border-left&#8221; css=&#8221;.vc_custom_1620294983816{margin-bottom: 15px !important;}&#8221;][vc_column_text]Dost\u0119pny dla systemu Dynamics 365 Sales dodatek Sales Insights pomaga precyzyjnie oceni\u0107 najbardziej obiecuj\u0105ce leady i szanse. Z pomoc\u0105 sztucznej inteligencji dane istniej\u0105cych i nowych klient\u00f3w konwertowane s\u0105 na punkty. Dzi\u0119ki predykcyjnej ocenie punktowej (predictive scoring) mo\u017cna nadawa\u0107 priorytety leadom i szansom, co w konsekwencji mo\u017ce przyczyni\u0107 si\u0119 do skuteczniejszej sprzeda\u017cy.<\/p>\n<p><span style=\"font-weight: 400;\">\u00a0<\/span>[\/vc_column_text][\/vc_column_inner][vc_column_inner el_class=&#8221;tab-image&#8221; css=&#8221;.vc_custom_1611843923708{margin-top: -33px !important;}&#8221; offset=&#8221;vc_col-lg-6 vc_col-md-6&#8243;][vc_single_image image=&#8221;14042&#8243; img_size=&#8221;full&#8221;][\/vc_column_inner][\/vc_row_inner][\/vc_tta_section][vc_tta_section title=&#8221;Poszerz gam\u0119 mo\u017cliwo\u015bci sprzeda\u017cowych&#8221; tab_id=&#8221;tab-obsluga-zamowien&#8221;][vc_row_inner][vc_column_inner el_class=&#8221;tab-content&#8221; css=&#8221;.vc_custom_1611843906123{margin-top: 30px !important;}&#8221; offset=&#8221;vc_col-lg-6 vc_col-md-6&#8243;][vc_custom_heading text=&#8221;Poszerz gam\u0119 mo\u017cliwo\u015bci sprzeda\u017cowych&#8221; font_container=&#8221;tag:div|font_size:28px|text_align:left|color:%230b3264|line_height:32px&#8221; google_fonts=&#8221;font_family:Montserrat%3Aregular%2C700|font_style:700%20bold%20regular%3A700%3Anormal&#8221; el_class=&#8221;header-border-left&#8221; css=&#8221;.vc_custom_1620295035670{margin-bottom: 15px !important;}&#8221;][vc_column_text]W Dynamics 365 for Sales uzyskasz dost\u0119p do predefiniowanych \u015bcie\u017cek sprzeda\u017cowych (tzw. Sales Playbooks), kt\u00f3re pomog\u0105 Ci usp\u00f3jni\u0107 i spersonalizowa\u0107 proces obs\u0142ugi szans sprzeda\u017cowych. Ich kartoteki umo\u017cliwiaj\u0105 dost\u0119p do wszelkich niezb\u0119dnych informacji na temat klient\u00f3w: notatek, pe\u0142nej historii inteakcji,\u00a0 preferencji u\u017cytkownika, itp.[\/vc_column_text][\/vc_column_inner][vc_column_inner el_class=&#8221;tab-image&#8221; css=&#8221;.vc_custom_1611843923708{margin-top: -33px !important;}&#8221; offset=&#8221;vc_col-lg-6 vc_col-md-6&#8243;][vc_single_image image=&#8221;14043&#8243; img_size=&#8221;full&#8221;][\/vc_column_inner][\/vc_row_inner][\/vc_tta_section][vc_tta_section title=&#8221;Monitoruj wyniki sprzeda\u017cowe&#8221; tab_id=&#8221;tab-raportowanie&#8221;][vc_row_inner][vc_column_inner el_class=&#8221;tab-content&#8221; css=&#8221;.vc_custom_1611843906123{margin-top: 30px !important;}&#8221; offset=&#8221;vc_col-lg-6 vc_col-md-6&#8243;][vc_custom_heading text=&#8221;Monitoruj wyniki sprzeda\u017cowe&#8221; font_container=&#8221;tag:div|font_size:28px|text_align:left|color:%230b3264|line_height:32px&#8221; google_fonts=&#8221;font_family:Montserrat%3Aregular%2C700|font_style:700%20bold%20regular%3A700%3Anormal&#8221; el_class=&#8221;header-border-left&#8221; css=&#8221;.vc_custom_1620295064509{margin-bottom: 15px !important;}&#8221;][vc_column_text]Dynamics 365 for Sales zapewnia przyjazne dla u\u017cytkownik\u00f3w pulpity nawigacyjne do wyznaczania inteligentnych cel\u00f3w i monitorowania wynik\u00f3w. Jego wbudowane funkcje dostosowuj\u0105 dzia\u0142ania zespo\u0142u do wyznaczonych proces\u00f3w sprzeda\u017cowych, a funkcja gamifikacji umo\u017cliwia zdrow\u0105 rywalizacj\u0119 wewn\u0105trz zespo\u0142u.<\/p>\n<p><span style=\"font-weight: 400;\">\u00a0<\/span>[\/vc_column_text][\/vc_column_inner][vc_column_inner el_class=&#8221;tab-image&#8221; css=&#8221;.vc_custom_1611843923708{margin-top: -33px !important;}&#8221; offset=&#8221;vc_col-lg-6 vc_col-md-6&#8243;][vc_single_image image=&#8221;14044&#8243; img_size=&#8221;full&#8221;][\/vc_column_inner][\/vc_row_inner][\/vc_tta_section][\/vc_tta_tabs][\/vc_column][vc_column][vc_empty_space height=&#8221;70px&#8221;][vc_empty_space height=&#8221;70px&#8221;][\/vc_column][\/vc_row][vc_row full_width=&#8221;stretch_row&#8221;][vc_column][vc_empty_space height=&#8221;70px&#8221;]<div id=\"ins-heading-69d1d1ee42007\" class=\"inv-section-heading-wrapper text-left position-relative header-border-left \"><div class=\"inv-section-heading-title padding-15px-bottom\"><h3 style=\"color: #343434\"  class=\"ins-section-heading-title-inner no-margin  default\">Obszary funkcjonalno\u015bci Dynamics365 for Sales<\/h3><\/div><\/div>[vc_empty_space height=&#8221;53px&#8221;][vc_empty_space height=&#8221;53px&#8221;][\/vc_column][vc_column][vc_tta_tour style=&#8221;flat&#8221; spacing=&#8221;&#8221; active_section=&#8221;1&#8243; el_class=&#8221;custom-horrizontal-tabs&#8221;][vc_tta_section title=&#8221;Widok klienta 360st.&#8221; tab_id=&#8221;1617698467820-39cfb55c-4feb&#8221;][vc_custom_heading text=&#8221;Widok klienta 360st.&#8221; font_container=&#8221;tag:h4|font_size:28px|text_align:left|color:%230b3264|line_height:42px&#8221; google_fonts=&#8221;font_family:Montserrat%3Aregular%2C700|font_style:700%20bold%20regular%3A700%3Anormal&#8221;][vc_column_text el_class=&#8221;list-style-arrow&#8221;]<\/p>\n<ul>\n<li>Zarz\u0105dzanie partnerami biznesowymi (potencjalni i obecni klienci, konkurenci, partnerzy, itd.)<\/li>\n<li>Historia interakcji z klientami<\/li>\n<li>Klasyfikacja i segmentacja informacji o klientach<\/li>\n<li>Prezentacja kluczowych danych dla ka\u017cdego klienta (np. sprzeda\u017c, mar\u017ca, udzia\u0142 w rynku)<\/li>\n<li>Wielosektorowe widoki klient\u00f3w i proces\u00f3w<\/li>\n<li>Wsparcie sztucznej inteligencji dla oceny jako\u015bci relacji z klientami.<\/li>\n<\/ul>\n<p>[\/vc_column_text][\/vc_tta_section][vc_tta_section title=&#8221;Zarz\u0105dzanie lead\u2019ami i szansami sprzeda\u017cowymi&#8221; tab_id=&#8221;1620295401237-bbe510d4-c693&#8243;][vc_custom_heading text=&#8221;Zarz\u0105dzanie lead\u2019ami i szansami sprzeda\u017cowymi&#8221; font_container=&#8221;tag:h4|font_size:28px|text_align:left|color:%230b3264|line_height:42px&#8221; google_fonts=&#8221;font_family:Montserrat%3Aregular%2C700|font_style:700%20bold%20regular%3A700%3Anormal&#8221;][vc_column_text el_class=&#8221;list-style-arrow&#8221;]<\/p>\n<ul>\n<li>Rejestracja lead\u00f3w i potencjalnych klient\u00f3w<\/li>\n<li>Kontrolowany w ramach \u015bcie\u017cek sprzeda\u017cowych proces rozwoju lead\u00f3w do szans sprzeda\u017cy.<\/li>\n<li>Zarz\u0105dzanie ofertami i umowami z mo\u017cliwo\u015bci\u0105 integracji z systemem ERP.<\/li>\n<li>Tworzenie i \u015bledzenie spotka\u0144, zada\u0144 i e-maili<\/li>\n<li>Pe\u0142na integracja z Microsoft Outlook i Microsoft Teams<\/li>\n<\/ul>\n<p>[\/vc_column_text][\/vc_tta_section][vc_tta_section title=&#8221;Mobilna sprzeda\u017c&#8221; tab_id=&#8221;1620295459092-2b81b5c2-ae58&#8243;][vc_custom_heading text=&#8221;Mobilna sprzeda\u017c&#8221; font_container=&#8221;tag:h4|font_size:28px|text_align:left|color:%230b3264|line_height:42px&#8221; google_fonts=&#8221;font_family:Montserrat%3Aregular%2C700|font_style:700%20bold%20regular%3A700%3Anormal&#8221;][vc_column_text el_class=&#8221;list-style-arrow&#8221;]<\/p>\n<ul>\n<li>Mo\u017cliwo\u015b\u0107 wprowadzania kontakt\u00f3w, lead\u00f3w i szans sprzeda\u017cowych z wielu urz\u0105dze\u0144<\/li>\n<li>Integracja PowerApps dla urz\u0105dze\u0144 mobilnych.<\/li>\n<li>Bazy wiedzy, chatboty<\/li>\n<\/ul>\n<p>[\/vc_column_text][\/vc_tta_section][vc_tta_section title=&#8221;Analizy i pulpity nawigacyjne&#8221; tab_id=&#8221;1625143254396-d06cafe0-3fe0&#8243;][vc_custom_heading text=&#8221;Analizy i pulpity nawigacyjne&#8221; font_container=&#8221;tag:h4|font_size:28px|text_align:left|color:%230b3264|line_height:42px&#8221; google_fonts=&#8221;font_family:Montserrat%3Aregular%2C700|font_style:700%20bold%20regular%3A700%3Anormal&#8221;][vc_column_text el_class=&#8221;list-style-arrow&#8221;]<\/p>\n<ul>\n<li>Analiza i raportowanie kluczowych danych liczbowych z mo\u017cliwo\u015bci\u0105 drill-down.<\/li>\n<li>Integracja z PowerBI dla analizy r\u00f3\u017cnych \u017ar\u00f3de\u0142 danych.<\/li>\n<li>Elastyczne opcje wizualizacji w postaci wykres\u00f3w, tabel, diagram\u00f3w itp.<\/li>\n<li>Geowizualizacja danych klient\u00f3w<\/li>\n<\/ul>\n<p>[\/vc_column_text][\/vc_tta_section][\/vc_tta_tour][vc_empty_space height=&#8221;108px&#8221;][vc_empty_space height=&#8221;108px&#8221;][\/vc_column][\/vc_row][vc_row][vc_column]<div id=\"ins-heading-69d1d1ee42011\" class=\"inv-section-heading-wrapper text-center position-relative header-lines \"><div class=\"inv-section-heading-title padding-15px-bottom\"><h2 style=\"color: #343434\"  class=\"ins-section-heading-title-inner no-margin  default\">Dowiedz si\u0119 wi\u0119cej na temat Dynamics365 for Sales<\/h2><\/div><\/div>[vc_images_carousel images=&#8221;14035,13966,14036,14037&#8243; img_size=&#8221;full&#8221; onclick=&#8221;custom_link&#8221; custom_links_target=&#8221;_blank&#8221; hide_pagination_control=&#8221;yes&#8221; wrap=&#8221;yes&#8221; custom_links=&#8221;#E-8_aHR0cCUzQSUyRiUyRm5hdmNvbS5wYWdlYXJ0LmRldiUyRndwLWNvbnRlbnQlMkZ1cGxvYWRzJTJGMjAyMSUyRjA1JTJGWnJ6dXQtZWtyYW51LTIwMjEtMDUtNi1vLTEyLjI1LjIxLnBuZyUyQ2h0dHBzJTNBJTJGJTJGd3d3LnlvdXR1YmUuY29tJTJGd2F0Y2glM0Z2JTNENW1TX0o1ejl2N28=&#8221;][\/vc_column][\/vc_row]<\/p>\n","protected":false},"excerpt":{"rendered":"<p>[vc_row full_width=&#8221;stretch_row&#8221; full_height=&#8221;yes&#8221; content_placement=&#8221;middle&#8221; css=&#8221;.vc_custom_1620802870092{background: #092c59 url(https:\/\/nav.com.pl\/wp-content\/uploads\/2021\/05\/sprzed2.png?id=14095) !important;background-position: center !important;background-repeat: no-repeat !important;background-size: cover !important;}&#8221; el_class=&#8221;text-white&#8221; el_id=&#8221;page-header&#8221;][vc_column offset=&#8221;vc_col-lg-10&#8243;][vc_column_text]Inteligentna sprzeda\u017c na wyci\u0105gni\u0119cie r\u0119ki[\/vc_column_text][\/vc_column][\/vc_row][vc_row full_width=&#8221;stretch_row&#8221; el_class=&#8221;buttons-menu-wrap&#8221; css=&#8221;.vc_custom_1618560891835{background-color: #f4f7fb [&hellip;]<\/p>\n","protected":false},"author":3,"featured_media":0,"parent":0,"menu_order":0,"comment_status":"closed","ping_status":"closed","template":"","meta":{"inline_featured_image":false,"_mi_skip_tracking":false},"translation":{"provider":"WPGlobus","version":"3.0.2","language":"en","enabled_languages":["pl","en"],"languages":{"pl":{"title":true,"content":true,"excerpt":false},"en":{"title":false,"content":true,"excerpt":false}}},"yoast_head":"<!-- This site is optimized with the Yoast SEO plugin v21.8.1 - https:\/\/yoast.com\/wordpress\/plugins\/seo\/ -->\n<title>Cust. Dynamics Sales funkcjonalno\u015bci pomocnicza - NAVCOM<\/title>\n<meta name=\"robots\" content=\"index, follow, max-snippet:-1, max-image-preview:large, max-video-preview:-1\" \/>\n<link rel=\"canonical\" href=\"https:\/\/nav.com.pl\/en\/cust-dynamics-sales-funkcjonalnosci-pomocnicza\/\" \/>\n<meta property=\"og:locale\" content=\"en_US\" \/>\n<meta property=\"og:type\" content=\"article\" \/>\n<meta property=\"og:title\" content=\"Cust. Dynamics Sales funkcjonalno\u015bci pomocnicza - NAVCOM\" \/>\n<meta property=\"og:url\" content=\"https:\/\/nav.com.pl\/en\/cust-dynamics-sales-funkcjonalnosci-pomocnicza\/\" \/>\n<meta property=\"og:site_name\" content=\"NAVCOM\" \/>\n<meta property=\"article:modified_time\" content=\"2021-07-23T12:18:30+00:00\" \/>\n<meta name=\"twitter:card\" content=\"summary_large_image\" \/>\n<meta name=\"twitter:label1\" content=\"Est. reading time\" \/>\n\t<meta name=\"twitter:data1\" content=\"18 minutes\" \/>\n<script type=\"application\/ld+json\" class=\"yoast-schema-graph\">{\"@context\":\"https:\/\/schema.org\",\"@graph\":[{\"@type\":\"WebPage\",\"@id\":\"https:\/\/nav.com.pl\/en\/cust-dynamics-sales-funkcjonalnosci-pomocnicza\/\",\"url\":\"https:\/\/nav.com.pl\/en\/cust-dynamics-sales-funkcjonalnosci-pomocnicza\/\",\"name\":\"Cust. Dynamics Sales funkcjonalno\u015bci pomocnicza - NAVCOM\",\"isPartOf\":{\"@id\":\"https:\/\/nav.com.pl\/#website\"},\"datePublished\":\"2021-07-01T12:41:32+00:00\",\"dateModified\":\"2021-07-23T12:18:30+00:00\",\"breadcrumb\":{\"@id\":\"https:\/\/nav.com.pl\/en\/cust-dynamics-sales-funkcjonalnosci-pomocnicza\/#breadcrumb\"},\"inLanguage\":\"en-US\",\"potentialAction\":[{\"@type\":\"ReadAction\",\"target\":[\"https:\/\/nav.com.pl\/en\/cust-dynamics-sales-funkcjonalnosci-pomocnicza\/\"]}]},{\"@type\":\"BreadcrumbList\",\"@id\":\"https:\/\/nav.com.pl\/en\/cust-dynamics-sales-funkcjonalnosci-pomocnicza\/#breadcrumb\",\"itemListElement\":[{\"@type\":\"ListItem\",\"position\":1,\"name\":\"Strona g\u0142\u00f3wna\",\"item\":\"https:\/\/nav.com.pl\/\"},{\"@type\":\"ListItem\",\"position\":2,\"name\":\"Cust. Dynamics Sales funkcjonalno\u015bci pomocnicza\"}]},{\"@type\":\"WebSite\",\"@id\":\"https:\/\/nav.com.pl\/#website\",\"url\":\"https:\/\/nav.com.pl\/\",\"name\":\"NAVCOM\",\"description\":\"\",\"potentialAction\":[{\"@type\":\"SearchAction\",\"target\":{\"@type\":\"EntryPoint\",\"urlTemplate\":\"https:\/\/nav.com.pl\/?s={search_term_string}\"},\"query-input\":\"required name=search_term_string\"}],\"inLanguage\":\"en-US\"}]}<\/script>\n<!-- \/ Yoast SEO plugin. -->","yoast_head_json":{"title":"Cust. Dynamics Sales funkcjonalno\u015bci pomocnicza - NAVCOM","robots":{"index":"index","follow":"follow","max-snippet":"max-snippet:-1","max-image-preview":"max-image-preview:large","max-video-preview":"max-video-preview:-1"},"canonical":"https:\/\/nav.com.pl\/en\/cust-dynamics-sales-funkcjonalnosci-pomocnicza\/","og_locale":"en_US","og_type":"article","og_title":"Cust. Dynamics Sales funkcjonalno\u015bci pomocnicza - NAVCOM","og_url":"https:\/\/nav.com.pl\/en\/cust-dynamics-sales-funkcjonalnosci-pomocnicza\/","og_site_name":"NAVCOM","article_modified_time":"2021-07-23T12:18:30+00:00","twitter_card":"summary_large_image","twitter_misc":{"Est. reading time":"18 minutes"},"schema":{"@context":"https:\/\/schema.org","@graph":[{"@type":"WebPage","@id":"https:\/\/nav.com.pl\/en\/cust-dynamics-sales-funkcjonalnosci-pomocnicza\/","url":"https:\/\/nav.com.pl\/en\/cust-dynamics-sales-funkcjonalnosci-pomocnicza\/","name":"Cust. Dynamics Sales funkcjonalno\u015bci pomocnicza - NAVCOM","isPartOf":{"@id":"https:\/\/nav.com.pl\/#website"},"datePublished":"2021-07-01T12:41:32+00:00","dateModified":"2021-07-23T12:18:30+00:00","breadcrumb":{"@id":"https:\/\/nav.com.pl\/en\/cust-dynamics-sales-funkcjonalnosci-pomocnicza\/#breadcrumb"},"inLanguage":"en-US","potentialAction":[{"@type":"ReadAction","target":["https:\/\/nav.com.pl\/en\/cust-dynamics-sales-funkcjonalnosci-pomocnicza\/"]}]},{"@type":"BreadcrumbList","@id":"https:\/\/nav.com.pl\/en\/cust-dynamics-sales-funkcjonalnosci-pomocnicza\/#breadcrumb","itemListElement":[{"@type":"ListItem","position":1,"name":"Strona g\u0142\u00f3wna","item":"https:\/\/nav.com.pl\/"},{"@type":"ListItem","position":2,"name":"Cust. Dynamics Sales funkcjonalno\u015bci pomocnicza"}]},{"@type":"WebSite","@id":"https:\/\/nav.com.pl\/#website","url":"https:\/\/nav.com.pl\/","name":"NAVCOM","description":"","potentialAction":[{"@type":"SearchAction","target":{"@type":"EntryPoint","urlTemplate":"https:\/\/nav.com.pl\/?s={search_term_string}"},"query-input":"required name=search_term_string"}],"inLanguage":"en-US"}]}},"_links":{"self":[{"href":"https:\/\/nav.com.pl\/en\/wp-json\/wp\/v2\/pages\/14744"}],"collection":[{"href":"https:\/\/nav.com.pl\/en\/wp-json\/wp\/v2\/pages"}],"about":[{"href":"https:\/\/nav.com.pl\/en\/wp-json\/wp\/v2\/types\/page"}],"author":[{"embeddable":true,"href":"https:\/\/nav.com.pl\/en\/wp-json\/wp\/v2\/users\/3"}],"replies":[{"embeddable":true,"href":"https:\/\/nav.com.pl\/en\/wp-json\/wp\/v2\/comments?post=14744"}],"version-history":[{"count":2,"href":"https:\/\/nav.com.pl\/en\/wp-json\/wp\/v2\/pages\/14744\/revisions"}],"predecessor-version":[{"id":15060,"href":"https:\/\/nav.com.pl\/en\/wp-json\/wp\/v2\/pages\/14744\/revisions\/15060"}],"wp:attachment":[{"href":"https:\/\/nav.com.pl\/en\/wp-json\/wp\/v2\/media?parent=14744"}],"curies":[{"name":"wp","href":"https:\/\/api.w.org\/{rel}","templated":true}]}}