{"id":14251,"date":"2021-05-18T16:25:45","date_gmt":"2021-05-18T14:25:45","guid":{"rendered":"https:\/\/nav.com.pl\/?page_id=14251"},"modified":"2021-07-29T09:44:33","modified_gmt":"2021-07-29T07:44:33","slug":"do-chmury","status":"publish","type":"page","link":"https:\/\/nav.com.pl\/en\/do-chmury\/","title":{"rendered":"Do chmury"},"content":{"rendered":"<p>[vc_row full_width=&#8221;stretch_row&#8221; full_height=&#8221;yes&#8221; content_placement=&#8221;middle&#8221; css=&#8221;.vc_custom_1622013666286{background: #092c59 url(https:\/\/nav.com.pl\/wp-content\/uploads\/2021\/05\/do-chmury.jpg?id=14561) !important;background-position: center !important;background-repeat: no-repeat !important;background-size: cover !important;}&#8221; el_class=&#8221;text-white&#8221;][vc_column offset=&#8221;vc_col-lg-7 vc_col-md-9&#8243;]<div id=\"ins-heading-69e341e217c4b\" class=\"inv-section-heading-wrapper text-left position-relative header-border-left \"><div class=\"inv-section-heading-title padding-15px-bottom\"><h1 style=\"color: #343434\"  class=\"ins-section-heading-title-inner no-margin  default\">Why you should move digital products to the cloud?<\/h1><\/div><\/div>[vc_column_text][\/vc_column_text][\/vc_column][\/vc_row][vc_row][vc_column][vc_empty_space height=&#8221;70px&#8221;]<div id=\"ins-heading-69e341e217c5a\" class=\"inv-section-heading-wrapper text-center position-relative header-lines \"><div class=\"inv-section-heading-title padding-15px-bottom\"><h5 style=\"color: #343434\"  class=\"ins-section-heading-title-inner no-margin  default\">If your company is currently facing the choice - whether to move your current ERP software to the cloud or stay with the server-based option, it's worth starting by analyzing the basic costs associated with both solutions<\/h5><\/div><\/div>[vc_empty_space height=&#8221;100px&#8221;][vc_row_inner content_placement=&#8221;middle&#8221; el_class=&#8221;about-section left-col-padding image-block-shadow row-shadow&#8221;][vc_column_inner width=&#8221;1\/2&#8243;][vc_single_image image=&#8221;14550&#8243; img_size=&#8221;full&#8221; style=&#8221;vc_box_shadow&#8221;][vc_single_image image=&#8221;14553&#8243; img_size=&#8221;full&#8221; el_class=&#8221;fixed-icon fixed-icon-top-right&#8221;][\/vc_column_inner][vc_column_inner width=&#8221;1\/2&#8243;]<div id=\"ins-heading-69e341e217c65\" class=\"inv-section-heading-wrapper text-left position-relative header-border-left  vc_custom_1627544325810\"><div class=\"inv-section-heading-title padding-15px-bottom\"><h3 style=\"color: #343434\"  class=\"ins-section-heading-title-inner no-margin  default\">Hardware<\/h3><\/div><\/div>[vc_column_text]Having ERP software in a local version, the license holder incurs high costs associated with maintaining the IT infrastructure at an appropriate level. We&#8217;re talking about the cost of replacing physical servers, network computers, operating systems, and databases. In this scenario, one must also take into account the cost of underutilization of the available disk space, which will be mentioned in the section on scalability.<\/p>\n<p>The purchase of a cloud license allows its owner to &#8220;shift&#8221; the costs of IT infrastructure maintenance to the cloud environment provider. This means clear financial savings.[\/vc_column_text][\/vc_column_inner][\/vc_row_inner][vc_empty_space height=&#8221;120px&#8221;][vc_row_inner rtl_reverse=&#8221;yes&#8221; content_placement=&#8221;middle&#8221; el_class=&#8221;about-section right-col-padding&#8221;][vc_column_inner width=&#8221;1\/2&#8243;]<div id=\"ins-heading-69e341e217c6e\" class=\"inv-section-heading-wrapper text-left position-relative header-border-left  vc_custom_1627544432231\"><div class=\"inv-section-heading-title padding-15px-bottom\"><h3 style=\"color: #343434\"  class=\"ins-section-heading-title-inner no-margin  default\">Scalability<\/h3><\/div><\/div>[vc_column_text]Another aspect of having an ERP system on your own servers is the difficulty in achieving the so-called disk resource optimization in your IT infrastructure. In practice, purchased processors are either overloaded or used unsatisfactorily.<\/p>\n<p>Using Microsoft&#8217;s cloud solutions opens up the possibility of flexible management of the amount of processor and disk space, depending on the reported needs.[\/vc_column_text][\/vc_column_inner][vc_column_inner width=&#8221;1\/2&#8243;][vc_single_image image=&#8221;14548&#8243; img_size=&#8221;full&#8221; style=&#8221;vc_box_shadow&#8221; el_class=&#8221;image-block-shadow&#8221;][vc_single_image image=&#8221;14559&#8243; img_size=&#8221;full&#8221; el_class=&#8221;fixed-icon fixed-icon-top-left&#8221;][\/vc_column_inner][\/vc_row_inner][vc_empty_space height=&#8221;120px&#8221;][vc_row_inner content_placement=&#8221;middle&#8221; el_class=&#8221;about-section left-col-padding&#8221;][vc_column_inner width=&#8221;1\/2&#8243;][vc_single_image image=&#8221;14551&#8243; img_size=&#8221;full&#8221; style=&#8221;vc_box_shadow&#8221; el_class=&#8221;image-block-shadow&#8221;][vc_single_image image=&#8221;14560&#8243; img_size=&#8221;full&#8221; el_class=&#8221;fixed-icon fixed-icon-bottom-right&#8221;][\/vc_column_inner][vc_column_inner width=&#8221;1\/2&#8243;]<div id=\"ins-heading-69e341e217c75\" class=\"inv-section-heading-wrapper text-left position-relative header-border-left  vc_custom_1627544486420\"><div class=\"inv-section-heading-title padding-15px-bottom\"><h3 style=\"color: #343434\"  class=\"ins-section-heading-title-inner no-margin  default\">System upgrades<\/h3><\/div><\/div>[vc_column_text]With the upgrade to the latest versions of Business Central 365 in the cloud, the way the system is updated is changing.<\/p>\n<p>Unlike the desktop version, updates and patches in the cloud version are part of a continuous update cycle that does not require the tedious work of an experienced programmer on the partner side for several days.<\/p>\n<p>In conclusion, choosing the cloud version of the software deprives us of the need to incur periodic update costs, which also become the domain of the cloud solution provider.[\/vc_column_text][\/vc_column_inner][\/vc_row_inner][vc_empty_space height=&#8221;120px&#8221;][vc_row_inner rtl_reverse=&#8221;yes&#8221; content_placement=&#8221;middle&#8221; el_class=&#8221;about-section right-col-padding&#8221;][vc_column_inner width=&#8221;1\/2&#8243;]<div id=\"ins-heading-69e341e217c7c\" class=\"inv-section-heading-wrapper text-left position-relative header-border-left  vc_custom_1627544581531\"><div class=\"inv-section-heading-title padding-15px-bottom\"><h3 style=\"color: #343434\"  class=\"ins-section-heading-title-inner no-margin  default\">IT team costs<\/h3><\/div><\/div>[vc_column_text]As shown in the preceding paragraphs, modern cloud solutions are characterized by a significantly smaller scope of support from IT administrators as well as programmers for ongoing maintenance of servers or system updates.<\/p>\n<p>A smaller scope of required support from IT specialists and administrators translates in a straight line into lower maintenance costs of the internal IT department.[\/vc_column_text][\/vc_column_inner][vc_column_inner width=&#8221;1\/2&#8243;][vc_single_image image=&#8221;14549&#8243; img_size=&#8221;full&#8221; style=&#8221;vc_box_shadow&#8221; el_class=&#8221;image-block-shadow&#8221;][vc_single_image image=&#8221;14556&#8243; img_size=&#8221;full&#8221; el_class=&#8221;fixed-icon fixed-icon-top-left&#8221;][\/vc_column_inner][\/vc_row_inner][vc_empty_space height=&#8221;120px&#8221;][\/vc_column][\/vc_row][vc_row full_width=&#8221;stretch_row&#8221; css=&#8221;.vc_custom_1621931556782{background-color: #f4f7fb !important;}&#8221; el_class=&#8221;bg-light&#8221;][vc_column][vc_empty_space height=&#8221;95px&#8221;]<div id=\"ins-heading-69e341e217c81\" class=\"inv-section-heading-wrapper text-center position-relative header-lines \"><div class=\"inv-section-heading-title padding-15px-bottom\"><h2 style=\"color: #343434\"  class=\"ins-section-heading-title-inner no-margin  default\">Contact us<\/h2><\/div><\/div>[vc_empty_space height=&#8221;70px&#8221;]\n<div class=\"wpcf7 no-js\" id=\"wpcf7-f14514-o1\" lang=\"en-US\" dir=\"ltr\">\n<div class=\"screen-reader-response\"><p role=\"status\" aria-live=\"polite\" aria-atomic=\"true\"><\/p> <ul><\/ul><\/div>\n<form action=\"\/en\/wp-json\/wp\/v2\/pages\/14251#wpcf7-f14514-o1\" method=\"post\" class=\"wpcf7-form init\" aria-label=\"Contact form\" novalidate=\"novalidate\" data-status=\"init\">\n<div style=\"display: none;\">\n<input type=\"hidden\" name=\"_wpcf7\" value=\"14514\" \/>\n<input type=\"hidden\" name=\"_wpcf7_version\" value=\"5.8.7\" \/>\n<input type=\"hidden\" name=\"_wpcf7_locale\" value=\"en_US\" \/>\n<input type=\"hidden\" name=\"_wpcf7_unit_tag\" value=\"wpcf7-f14514-o1\" \/>\n<input type=\"hidden\" name=\"_wpcf7_container_post\" value=\"0\" \/>\n<input type=\"hidden\" name=\"_wpcf7_posted_data_hash\" value=\"\" \/>\n<\/div>\n<div class=\"inv-contact-form-two\">\n\t<div class=\"col-md-12 col-sm-12 inv-contact-form-two-inner\">\n\t\t<p><span class=\"wpcf7-form-control-wrap\" data-name=\"fname\"><input size=\"40\" class=\"wpcf7-form-control wpcf7-text wpcf7-validates-as-required form-control\" aria-required=\"true\" aria-invalid=\"false\" placeholder=\"Imi\u0119\" value=\"\" type=\"text\" name=\"fname\" \/><\/span>\n\t\t<\/p>\n\t<\/div>\n\t<div class=\"col-md-12 col-sm-12 inv-contact-form-two-inner\">\n\t\t<p><span class=\"wpcf7-form-control-wrap\" data-name=\"surname\"><input size=\"40\" class=\"wpcf7-form-control wpcf7-text wpcf7-validates-as-required form-control\" aria-required=\"true\" aria-invalid=\"false\" placeholder=\"Nazwisko\" value=\"\" type=\"text\" name=\"surname\" \/><\/span>\n\t\t<\/p>\n\t<\/div>\n\t<div class=\"col-md-12 col-sm-12 inv-contact-form-two-inner\">\n\t\t<p><span class=\"wpcf7-form-control-wrap\" data-name=\"email\"><input size=\"40\" class=\"wpcf7-form-control wpcf7-email wpcf7-validates-as-required wpcf7-text wpcf7-validates-as-email form-control\" aria-required=\"true\" aria-invalid=\"false\" placeholder=\"Firmowy adres E-mail\" value=\"\" type=\"email\" name=\"email\" \/><\/span>\n\t\t<\/p>\n\t<\/div>\n\t<div class=\"col-md-12 col-sm-12 inv-contact-form-two-inner\">\n\t\t<p><span class=\"wpcf7-form-control-wrap\" data-name=\"phone\"><input size=\"40\" class=\"wpcf7-form-control wpcf7-text form-control\" aria-invalid=\"false\" placeholder=\"Telefon kontaktowy\" value=\"\" type=\"text\" name=\"phone\" \/><\/span>\n\t\t<\/p>\n\t<\/div>\n\t<div class=\"col-md-12 col-sm-12 inv-contact-form-two-inner\">\n\t\t<p><span class=\"wpcf7-form-control-wrap\" data-name=\"message\"><textarea cols=\"40\" rows=\"4\" class=\"wpcf7-form-control wpcf7-textarea form-control\" aria-invalid=\"false\" placeholder=\"Wiadomo\u015b\u0107\" name=\"message\"><\/textarea><\/span>\n\t\t<\/p>\n\t<\/div>\n\t<div class=\"col-md-12 col-sm-12 inv-contact-form-two-inner\">\n\t\t<p><span class=\"wpcf7-form-control-wrap\" data-name=\"email_copy\"><span class=\"wpcf7-form-control wpcf7-checkbox custom-radio-btn custom-checkbox-btn custom-checkbox-btn-dark\"><span class=\"wpcf7-list-item first last\"><label><input type=\"checkbox\" name=\"email_copy[]\" value=\"Wy\u015blij kopi\u0119 wiadomo\u015bci do mnie\" \/><span class=\"wpcf7-list-item-label\">Wy\u015blij kopi\u0119 wiadomo\u015bci do mnie<\/span><\/label><\/span><\/span><\/span><br \/>\n<span class=\"wpcf7-form-control-wrap\" data-name=\"booklet\"><span class=\"wpcf7-form-control wpcf7-checkbox custom-radio-btn custom-checkbox-btn custom-checkbox-btn-dark\"><span class=\"wpcf7-list-item first last\"><label><input type=\"checkbox\" name=\"booklet[]\" value=\"Tak, chcia\u0142(a)bym otrzyma\u0107 broszur\u0119 informacyjn\u0105 Bussiness Central 365\" \/><span class=\"wpcf7-list-item-label\">Tak, chcia\u0142(a)bym otrzyma\u0107 broszur\u0119 informacyjn\u0105 Bussiness Central 365<\/span><\/label><\/span><\/span><\/span>\n\t\t<\/p>\n\t<\/div>\n\t<div class=\"col-md-12 col-sm-12 inv-contact-form-two-btn text-center\">\n\t\t<p><input class=\"wpcf7-form-control wpcf7-submit has-spinner insignia-button btn btn-secondary\" type=\"submit\" value=\"Wy\u015blij zapytanie\" \/>\n\t\t<\/p>\n\t<\/div>\n<\/div><div class=\"wpcf7-response-output\" aria-hidden=\"true\"><\/div>\n<\/form>\n<\/div>\n[vc_empty_space height=&#8221;199px&#8221;][\/vc_column][\/vc_row]<\/p>\n","protected":false},"excerpt":{"rendered":"<p>[vc_row full_width=&#8221;stretch_row&#8221; full_height=&#8221;yes&#8221; content_placement=&#8221;middle&#8221; css=&#8221;.vc_custom_1622013666286{background: #092c59 url(https:\/\/nav.com.pl\/wp-content\/uploads\/2021\/05\/do-chmury.jpg?id=14561) !important;background-position: center !important;background-repeat: no-repeat !important;background-size: cover !important;}&#8221; el_class=&#8221;text-white&#8221;][vc_column offset=&#8221;vc_col-lg-7 vc_col-md-9&#8243;][vc_column_text][\/vc_column_text][\/vc_column][\/vc_row][vc_row][vc_column][vc_empty_space height=&#8221;70px&#8221;][vc_empty_space height=&#8221;100px&#8221;][vc_row_inner content_placement=&#8221;middle&#8221; el_class=&#8221;about-section left-col-padding image-block-shadow row-shadow&#8221;][vc_column_inner width=&#8221;1\/2&#8243;][vc_single_image [&hellip;]<\/p>\n","protected":false},"author":2,"featured_media":0,"parent":0,"menu_order":0,"comment_status":"closed","ping_status":"closed","template":"","meta":{"inline_featured_image":false,"_mi_skip_tracking":false},"translation":{"provider":"WPGlobus","version":"3.0.2","language":"en","enabled_languages":["pl","en"],"languages":{"pl":{"title":true,"content":true,"excerpt":false},"en":{"title":false,"content":true,"excerpt":false}}},"yoast_head":"<!-- This site is optimized with the Yoast SEO plugin v21.8.1 - https:\/\/yoast.com\/wordpress\/plugins\/seo\/ -->\n<title>Do chmury - NAVCOM<\/title>\n<meta name=\"robots\" content=\"index, follow, max-snippet:-1, max-image-preview:large, max-video-preview:-1\" \/>\n<link rel=\"canonical\" href=\"https:\/\/nav.com.pl\/do-chmury\/\" \/>\n<meta property=\"og:locale\" content=\"en_US\" \/>\n<meta property=\"og:type\" content=\"article\" \/>\n<meta property=\"og:title\" content=\"Do chmury - NAVCOM\" \/>\n<meta property=\"og:url\" content=\"https:\/\/nav.com.pl\/do-chmury\/\" \/>\n<meta property=\"og:site_name\" content=\"NAVCOM\" \/>\n<meta property=\"article:modified_time\" content=\"2021-07-29T07:44:33+00:00\" \/>\n<meta name=\"twitter:card\" content=\"summary_large_image\" \/>\n<meta name=\"twitter:label1\" content=\"Est. reading time\" \/>\n\t<meta name=\"twitter:data1\" content=\"9 minutes\" \/>\n<script type=\"application\/ld+json\" class=\"yoast-schema-graph\">{\"@context\":\"https:\/\/schema.org\",\"@graph\":[{\"@type\":\"WebPage\",\"@id\":\"https:\/\/nav.com.pl\/do-chmury\/\",\"url\":\"https:\/\/nav.com.pl\/do-chmury\/\",\"name\":\"Do chmury - NAVCOM\",\"isPartOf\":{\"@id\":\"https:\/\/nav.com.pl\/#website\"},\"datePublished\":\"2021-05-18T14:25:45+00:00\",\"dateModified\":\"2021-07-29T07:44:33+00:00\",\"breadcrumb\":{\"@id\":\"https:\/\/nav.com.pl\/do-chmury\/#breadcrumb\"},\"inLanguage\":\"en-US\",\"potentialAction\":[{\"@type\":\"ReadAction\",\"target\":[\"https:\/\/nav.com.pl\/do-chmury\/\"]}]},{\"@type\":\"BreadcrumbList\",\"@id\":\"https:\/\/nav.com.pl\/do-chmury\/#breadcrumb\",\"itemListElement\":[{\"@type\":\"ListItem\",\"position\":1,\"name\":\"Strona g\u0142\u00f3wna\",\"item\":\"https:\/\/nav.com.pl\/\"},{\"@type\":\"ListItem\",\"position\":2,\"name\":\"Do chmury\"}]},{\"@type\":\"WebSite\",\"@id\":\"https:\/\/nav.com.pl\/#website\",\"url\":\"https:\/\/nav.com.pl\/\",\"name\":\"NAVCOM\",\"description\":\"\",\"potentialAction\":[{\"@type\":\"SearchAction\",\"target\":{\"@type\":\"EntryPoint\",\"urlTemplate\":\"https:\/\/nav.com.pl\/?s={search_term_string}\"},\"query-input\":\"required name=search_term_string\"}],\"inLanguage\":\"en-US\"}]}<\/script>\n<!-- \/ Yoast SEO plugin. -->","yoast_head_json":{"title":"Do chmury - NAVCOM","robots":{"index":"index","follow":"follow","max-snippet":"max-snippet:-1","max-image-preview":"max-image-preview:large","max-video-preview":"max-video-preview:-1"},"canonical":"https:\/\/nav.com.pl\/do-chmury\/","og_locale":"en_US","og_type":"article","og_title":"Do chmury - NAVCOM","og_url":"https:\/\/nav.com.pl\/do-chmury\/","og_site_name":"NAVCOM","article_modified_time":"2021-07-29T07:44:33+00:00","twitter_card":"summary_large_image","twitter_misc":{"Est. reading time":"9 minutes"},"schema":{"@context":"https:\/\/schema.org","@graph":[{"@type":"WebPage","@id":"https:\/\/nav.com.pl\/do-chmury\/","url":"https:\/\/nav.com.pl\/do-chmury\/","name":"Do chmury - NAVCOM","isPartOf":{"@id":"https:\/\/nav.com.pl\/#website"},"datePublished":"2021-05-18T14:25:45+00:00","dateModified":"2021-07-29T07:44:33+00:00","breadcrumb":{"@id":"https:\/\/nav.com.pl\/do-chmury\/#breadcrumb"},"inLanguage":"en-US","potentialAction":[{"@type":"ReadAction","target":["https:\/\/nav.com.pl\/do-chmury\/"]}]},{"@type":"BreadcrumbList","@id":"https:\/\/nav.com.pl\/do-chmury\/#breadcrumb","itemListElement":[{"@type":"ListItem","position":1,"name":"Strona g\u0142\u00f3wna","item":"https:\/\/nav.com.pl\/"},{"@type":"ListItem","position":2,"name":"Do chmury"}]},{"@type":"WebSite","@id":"https:\/\/nav.com.pl\/#website","url":"https:\/\/nav.com.pl\/","name":"NAVCOM","description":"","potentialAction":[{"@type":"SearchAction","target":{"@type":"EntryPoint","urlTemplate":"https:\/\/nav.com.pl\/?s={search_term_string}"},"query-input":"required name=search_term_string"}],"inLanguage":"en-US"}]}},"_links":{"self":[{"href":"https:\/\/nav.com.pl\/en\/wp-json\/wp\/v2\/pages\/14251"}],"collection":[{"href":"https:\/\/nav.com.pl\/en\/wp-json\/wp\/v2\/pages"}],"about":[{"href":"https:\/\/nav.com.pl\/en\/wp-json\/wp\/v2\/types\/page"}],"author":[{"embeddable":true,"href":"https:\/\/nav.com.pl\/en\/wp-json\/wp\/v2\/users\/2"}],"replies":[{"embeddable":true,"href":"https:\/\/nav.com.pl\/en\/wp-json\/wp\/v2\/comments?post=14251"}],"version-history":[{"count":14,"href":"https:\/\/nav.com.pl\/en\/wp-json\/wp\/v2\/pages\/14251\/revisions"}],"predecessor-version":[{"id":15224,"href":"https:\/\/nav.com.pl\/en\/wp-json\/wp\/v2\/pages\/14251\/revisions\/15224"}],"wp:attachment":[{"href":"https:\/\/nav.com.pl\/en\/wp-json\/wp\/v2\/media?parent=14251"}],"curies":[{"name":"wp","href":"https:\/\/api.w.org\/{rel}","templated":true}]}}