{"id":12989,"date":"2020-12-21T12:28:24","date_gmt":"2020-12-21T11:28:24","guid":{"rendered":"https:\/\/nav.com.pl\/?page_id=12989"},"modified":"2023-08-04T15:10:34","modified_gmt":"2023-08-04T13:10:34","slug":"o-nas","status":"publish","type":"page","link":"https:\/\/nav.com.pl\/en\/o-nas\/","title":{"rendered":"About us"},"content":{"rendered":"<p>[vc_row full_width=&#8221;stretch_row&#8221; full_height=&#8221;yes&#8221; content_placement=&#8221;middle&#8221; css=&#8221;.vc_custom_1621521778551{background: #092c59 url(https:\/\/nav.com.pl\/wp-content\/uploads\/2021\/05\/o-NAS.jpg?id=14179) !important;background-position: center !important;background-repeat: no-repeat !important;background-size: cover !important;}&#8221; el_class=&#8221;text-white&#8221; el_id=&#8221;page-header&#8221;][vc_column offset=&#8221;vc_col-lg-7 vc_col-md-9&#8243;]<div id=\"ins-heading-69ef9e1f78152\" class=\"inv-section-heading-wrapper text-left position-relative header-border-left \"><div class=\"inv-section-heading-title padding-15px-bottom\"><h1 style=\"color: #343434\"  class=\"ins-section-heading-title-inner no-margin  default\">Transform digitally your business with NAV.COM<\/h1><\/div><\/div>[vc_column_text]A successful system implementation is able to streamline many tedious and demanding processes. Therefore, in addition to professionalism, the value we appreciate most is flexibility in the approach to the expectations and needs of our customers.[\/vc_column_text][\/vc_column][\/vc_row][vc_row][vc_column][vc_empty_space]<div id=\"ins-heading-69ef9e1f78163\" class=\"inv-section-heading-wrapper text-center position-relative  \"><div class=\"inv-section-heading-title padding-15px-bottom\"><h3 style=\"color: #343434\"  class=\"ins-section-heading-title-inner no-margin  default\">Who we are?<\/h3><\/div><\/div>[vc_empty_space][\/vc_column][\/vc_row][vc_row][vc_column][vc_column_text]<\/p>\n<p style=\"text-align: center;\">Since 2002 we have been providing advanced IT solutions: tailored to individual needs, flexible and helping to manage the company effectively. We specialize in the implementation of Microsoft Dynamics 365 Business Central (Microsoft Dynamics NAV) ERP system, Microsoft Dynamics 365 CRM system and Power Platform. Our competences and experience gathered in dozens of domestic and international implementations can be confirmed by customers from various industries.<\/p>\n<p style=\"text-align: center;\">NAV.COM has the status of Microsoft Gold Partner in the categories of Cloud Platform and Data Analytics.<\/p>\n<p>[\/vc_column_text][\/vc_column][\/vc_row][vc_row][vc_column][vc_empty_space height=&#8221;70px&#8221;]<div id=\"ins-heading-69ef9e1f78170\" class=\"inv-section-heading-wrapper text-center position-relative header-lines \"><div class=\"inv-section-heading-title padding-15px-bottom\"><h2 style=\"color: #343434\"  class=\"ins-section-heading-title-inner no-margin  default\">What makes us unique?<\/h2><\/div><\/div>[vc_empty_space height=&#8221;100px&#8221;][vc_row_inner content_placement=&#8221;middle&#8221; el_class=&#8221;about-section left-col-padding image-block-shadow row-shadow&#8221;][vc_column_inner width=&#8221;1\/2&#8243;][vc_single_image image=&#8221;13433&#8243; img_size=&#8221;full&#8221; style=&#8221;vc_box_shadow&#8221;][vc_single_image image=&#8221;13098&#8243; img_size=&#8221;full&#8221; el_class=&#8221;fixed-icon fixed-icon-top-right&#8221;][\/vc_column_inner][vc_column_inner width=&#8221;1\/2&#8243;]<div id=\"ins-heading-69ef9e1f7817e\" class=\"inv-section-heading-wrapper text-left position-relative header-border-left  vc_custom_1627374164870\"><div class=\"inv-section-heading-title padding-15px-bottom\"><h3 style=\"color: #343434\"  class=\"ins-section-heading-title-inner no-margin  default\">Transferring unique business scenarios into the IT field<\/h3><\/div><\/div>[vc_column_text]From the moment we were established, we have had the privilege of developing the functionality of Microsoft Dynamics NAV for companies originating from a wide range of industries. We creatively strive to apply the knowledge and skills gained in previous projects to each new project.[\/vc_column_text][\/vc_column_inner][\/vc_row_inner][vc_empty_space height=&#8221;120px&#8221;][vc_row_inner rtl_reverse=&#8221;yes&#8221; content_placement=&#8221;middle&#8221; el_class=&#8221;about-section right-col-padding&#8221;][vc_column_inner width=&#8221;1\/2&#8243;]<div id=\"ins-heading-69ef9e1f78191\" class=\"inv-section-heading-wrapper text-left position-relative header-border-left  vc_custom_1627374216047\"><div class=\"inv-section-heading-title padding-15px-bottom\"><h3 style=\"color: #343434\"  class=\"ins-section-heading-title-inner no-margin  default\">Full integration of business data<\/h3><\/div><\/div>[vc_column_text]NAV.COM always endeavours to ensure that the Microsoft Dynamics NAV product integrates as seamlessly as possible with other IT systems and applications within the company. The goal is for data to flow freely in the value chain and for processes to become even more intelligent and efficient.[\/vc_column_text][\/vc_column_inner][vc_column_inner width=&#8221;1\/2&#8243;][vc_single_image image=&#8221;13104&#8243; img_size=&#8221;full&#8221; style=&#8221;vc_box_shadow&#8221; el_class=&#8221;image-block-shadow&#8221;][vc_single_image image=&#8221;13100&#8243; img_size=&#8221;full&#8221; el_class=&#8221;fixed-icon fixed-icon-top-left&#8221;][\/vc_column_inner][\/vc_row_inner][vc_empty_space height=&#8221;120px&#8221;][vc_row_inner content_placement=&#8221;middle&#8221; el_class=&#8221;about-section left-col-padding&#8221;][vc_column_inner width=&#8221;1\/2&#8243;][vc_single_image image=&#8221;13102&#8243; img_size=&#8221;full&#8221; style=&#8221;vc_box_shadow&#8221; el_class=&#8221;image-block-shadow&#8221;][vc_single_image image=&#8221;13096&#8243; img_size=&#8221;full&#8221; el_class=&#8221;fixed-icon fixed-icon-bottom-right&#8221;][\/vc_column_inner][vc_column_inner width=&#8221;1\/2&#8243;]<div id=\"ins-heading-69ef9e1f7819b\" class=\"inv-section-heading-wrapper text-left position-relative header-border-left  vc_custom_1627374325184\"><div class=\"inv-section-heading-title padding-15px-bottom\"><h3 style=\"color: #343434\"  class=\"ins-section-heading-title-inner no-margin  default\">A balance between utility and simplicity<\/h3><\/div><\/div>[vc_column_text]We are well-aware that the entire business process is a system of interconnected vessels. When developing ERP and CRM systems, we always adhere to the principle of not &#8220;overloading&#8221; the processes with too much complexity. Therefore, when providing consulting services to our partners, we always offer the best possible combination of functionality and ease of use for the end users.[\/vc_column_text][\/vc_column_inner][\/vc_row_inner][vc_empty_space height=&#8221;120px&#8221;][vc_row_inner rtl_reverse=&#8221;yes&#8221; content_placement=&#8221;middle&#8221; el_class=&#8221;about-section right-col-padding&#8221;][vc_column_inner width=&#8221;1\/2&#8243;]<div id=\"ins-heading-69ef9e1f781a4\" class=\"inv-section-heading-wrapper text-left position-relative header-border-left  vc_custom_1627374383571\"><div class=\"inv-section-heading-title padding-15px-bottom\"><h3 style=\"color: #343434\"  class=\"ins-section-heading-title-inner no-margin  default\">Access to many dedicated extensions<\/h3><\/div><\/div>[vc_column_text]While working together we offer our customers a wide range of solutions dedicated to different stages of the value chain. In the palette of solutions we also have extensions that automate the circulation of documents in the company along with the workflows system.[\/vc_column_text][\/vc_column_inner][vc_column_inner width=&#8221;1\/2&#8243;][vc_single_image image=&#8221;13103&#8243; img_size=&#8221;full&#8221; style=&#8221;vc_box_shadow&#8221; el_class=&#8221;image-block-shadow&#8221;][vc_single_image image=&#8221;13097&#8243; img_size=&#8221;full&#8221; el_class=&#8221;fixed-icon fixed-icon-top-left&#8221;][\/vc_column_inner][\/vc_row_inner][vc_empty_space height=&#8221;120px&#8221;][vc_row_inner content_placement=&#8221;middle&#8221; el_class=&#8221;about-section left-col-padding image-block-shadow row-shadow&#8221;][vc_column_inner width=&#8221;1\/2&#8243;][vc_single_image image=&#8221;13593&#8243; img_size=&#8221;full&#8221; style=&#8221;vc_box_shadow&#8221;][vc_single_image image=&#8221;14312&#8243; img_size=&#8221;full&#8221; el_class=&#8221;fixed-icon fixed-icon-top-right&#8221;][\/vc_column_inner][vc_column_inner width=&#8221;1\/2&#8243;]<div id=\"ins-heading-69ef9e1f781ae\" class=\"inv-section-heading-wrapper text-left position-relative header-border-left  vc_custom_1627374449840\"><div class=\"inv-section-heading-title padding-15px-bottom\"><h3 style=\"color: #343434\"  class=\"ins-section-heading-title-inner no-margin  default\">18 years of working with Microsoft<\/h3><\/div><\/div>[vc_column_text]We have been cooperating with Microsoft, the world&#8217;s leader in business solutions, for 18 years now&#8230; As NAV.COM, we are proud to have been awarded the &#8220;Gold Partner&#8221; title for two years now, which is a proof of the highest competence in consulting, implementation and support of Microsoft business solutions.[\/vc_column_text][\/vc_column_inner][\/vc_row_inner][vc_empty_space height=&#8221;100px&#8221;][\/vc_column][\/vc_row][vc_row full_width=&#8221;stretch_row&#8221; disable_element=&#8221;yes&#8221; css=&#8221;.vc_custom_1617713205841{background-image: url(https:\/\/nav.com.pl\/wp-content\/uploads\/2021\/01\/Kluczowe-partnerstwo.jpg?id=13439) !important;background-position: center !important;background-repeat: no-repeat !important;background-size: cover !important;}&#8221; el_class=&#8221;bg-light&#8221; el_id=&#8221;microsoft-gold-partner&#8221;][vc_column][vc_empty_space height=&#8221;55px&#8221;]<div id=\"ins-heading-69ef9e1f781b6\" class=\"inv-section-heading-wrapper text-center position-relative header-lines \"><div class=\"inv-section-heading-title padding-15px-bottom\"><h2 style=\"color: #343434\"  class=\"ins-section-heading-title-inner no-margin  default\">Key partnerships<\/h2><\/div><\/div>[vc_empty_space height=&#8221;70px&#8221;][vc_row_inner content_placement=&#8221;middle&#8221;][vc_column_inner width=&#8221;1\/2&#8243;][vc_single_image image=&#8221;13437&#8243; img_size=&#8221;full&#8221;][vc_custom_heading text=&#8221;18 years of working with Microsoft&#8221; font_container=&#8221;tag:div|font_size:28px|text_align:left|color:%230b3264|line_height:32px&#8221; google_fonts=&#8221;font_family:Montserrat%3Aregular%2C700|font_style:700%20bold%20regular%3A700%3Anormal&#8221; el_class=&#8221;header-border-left&#8221; css=&#8221;.vc_custom_1627374582372{margin-bottom: 15px !important;}&#8221;][vc_column_text]We have been cooperating with Microsoft, the world&#8217;s leader in business solutions, for 18 years now&#8230; As NAV.COM, we are proud to have been awarded the &#8220;Gold Partner&#8221; title for two years now, which is a proof of the highest competence in consulting, implementation and support of Microsoft business solutions.[\/vc_column_text][\/vc_column_inner][\/vc_row_inner][vc_empty_space height=&#8221;70px&#8221;][\/vc_column][\/vc_row][vc_row full_width=&#8221;stretch_row&#8221; equal_height=&#8221;yes&#8221; content_placement=&#8221;middle&#8221; css=&#8221;.vc_custom_1611823207912{background: #092c59 url(https:\/\/nav.com.pl\/wp-content\/uploads\/2020\/12\/o-nas-liczby-bg.jpg?id=13093) !important;background-position: center !important;background-repeat: no-repeat !important;background-size: cover !important;}&#8221; el_class=&#8221;text-white&#8221; el_id=&#8221;numbers&#8221;][vc_column][vc_empty_space height=&#8221;80px&#8221;][vc_row_inner][vc_column_inner width=&#8221;1\/3&#8243;][vc_single_image image=&#8221;13455&#8243; alignment=&#8221;center&#8221;]<div id=\"counter-69ef9e1f781c3\" class=\"ins-counter-element text-center    \" data-perc=\"18\"><div class=\"ins-counter-content\"><div class=\"ins-counter ins-counter-number title-font margin-10px-bottom default\">18<\/div><div class=\"ins-counter-title title-font margin-20px-bottom  default no-letter-spacing\">years of experience<\/div><\/div><\/div><script type=\"text\/javascript\">\n\t\t(function(jQuery) {jQuery(\"head\").append(\"<style>#counter-69ef9e1f781c3 .ins-counter-number{font-size: 40px; line-height: 45px;}#counter-69ef9e1f781c3 .ins-counter-title{font-size: 20px; line-height: 25px;}#counter-69ef9e1f781c3 .ins-counter-icon{font-size: 34px; line-height: 39px;}<\/style>\")\n\t\t\t\t\t})(jQuery);\n\t\t\t\t\t\t<\/script>[\/vc_column_inner][vc_column_inner width=&#8221;1\/3&#8243;][vc_single_image image=&#8221;13457&#8243; alignment=&#8221;center&#8221;]<div id=\"counter-69ef9e1f781d3\" class=\"ins-counter-element text-center    \" data-perc=\"50\"><div class=\"ins-counter-content\"><div class=\"ins-counter ins-counter-number title-font margin-10px-bottom default\">50<\/div><div class=\"ins-counter-title title-font margin-20px-bottom  default no-letter-spacing\">completed projects<\/div><\/div><\/div><script type=\"text\/javascript\">\n\t\t(function(jQuery) {jQuery(\"head\").append(\"<style>#counter-69ef9e1f781d3 .ins-counter-number{font-size: 40px; line-height: 45px;}#counter-69ef9e1f781d3 .ins-counter-title{font-size: 20px; line-height: 25px;}#counter-69ef9e1f781d3 .ins-counter-icon{font-size: 34px; line-height: 39px;}<\/style>\")\n\t\t\t\t\t})(jQuery);\n\t\t\t\t\t\t<\/script>[\/vc_column_inner][vc_column_inner width=&#8221;1\/3&#8243;][vc_single_image image=&#8221;13456&#8243; alignment=&#8221;center&#8221;]<div id=\"counter-69ef9e1f781dd\" class=\"ins-counter-element text-center    \" data-perc=\"156\"><div class=\"ins-counter-content\"><div class=\"ins-counter ins-counter-number title-font margin-10px-bottom default\">156<\/div><div class=\"ins-counter-title title-font margin-20px-bottom  default no-letter-spacing\">licenses sold<\/div><\/div><\/div><script type=\"text\/javascript\">\n\t\t(function(jQuery) {jQuery(\"head\").append(\"<style>#counter-69ef9e1f781dd .ins-counter-number{font-size: 40px; line-height: 45px;}#counter-69ef9e1f781dd .ins-counter-title{font-size: 20px; line-height: 25px;}#counter-69ef9e1f781dd .ins-counter-icon{font-size: 34px; line-height: 39px;}<\/style>\")\n\t\t\t\t\t})(jQuery);\n\t\t\t\t\t\t<\/script>[\/vc_column_inner][\/vc_row_inner][vc_empty_space height=&#8221;80px&#8221;][\/vc_column][\/vc_row][vc_row][vc_column][vc_empty_space height=&#8221;70px&#8221;]<div id=\"ins-heading-69ef9e1f781e6\" class=\"inv-section-heading-wrapper text-center position-relative header-lines \"><div class=\"inv-section-heading-title padding-15px-bottom\"><h2 style=\"color: #343434\"  class=\"ins-section-heading-title-inner no-margin  default\">Our clients<\/h2><\/div><\/div>[vc_empty_space height=&#8221;70px&#8221;][vc_row_inner el_class=&#8221;text-center&#8221;][vc_column_inner offset=&#8221;vc_hidden-sm vc_hidden-xs&#8221;][vc_images_carousel images=&#8221;13395,13402,13401,13400,13399,13396,13404,13393,13394,13392,13398,13397&#8243; img_size=&#8221;full&#8221; onclick=&#8221;link_no&#8221; speed=&#8221;2000&#8243; slides_per_view=&#8221;6&#8243; autoplay=&#8221;yes&#8221; hide_pagination_control=&#8221;yes&#8221; hide_prev_next_buttons=&#8221;yes&#8221; wrap=&#8221;yes&#8221; el_class=&#8221;vc_custominfiniteloop&#8221;][\/vc_column_inner][vc_column_inner offset=&#8221;vc_hidden-lg vc_hidden-md vc_hidden-xs&#8221;][vc_images_carousel images=&#8221;13395,13402,13401,13400,13399,13396,13404,13393,13394,13392,13398,13397&#8243; img_size=&#8221;full&#8221; onclick=&#8221;link_no&#8221; speed=&#8221;2000&#8243; slides_per_view=&#8221;4&#8243; autoplay=&#8221;yes&#8221; hide_pagination_control=&#8221;yes&#8221; hide_prev_next_buttons=&#8221;yes&#8221; wrap=&#8221;yes&#8221; el_class=&#8221;vc_custominfiniteloop&#8221;][\/vc_column_inner][vc_column_inner offset=&#8221;vc_hidden-lg vc_hidden-md vc_hidden-sm&#8221;][vc_images_carousel images=&#8221;13395,13402,13401,13400,13399,13396,13404,13393,13394,13392,13398,13397&#8243; img_size=&#8221;full&#8221; onclick=&#8221;link_no&#8221; speed=&#8221;2000&#8243; slides_per_view=&#8221;2&#8243; autoplay=&#8221;yes&#8221; hide_pagination_control=&#8221;yes&#8221; hide_prev_next_buttons=&#8221;yes&#8221; wrap=&#8221;yes&#8221; el_class=&#8221;vc_custominfiniteloop&#8221;][\/vc_column_inner][\/vc_row_inner][vc_empty_space height=&#8221;70px&#8221;][\/vc_column][\/vc_row][vc_row full_width=&#8221;stretch_row&#8221; css=&#8221;.vc_custom_1608560093418{background-color: #f4f7fb !important;}&#8221; el_class=&#8221;bg-light&#8221;][vc_column][vc_empty_space height=&#8221;70px&#8221;]<div id=\"ins-heading-69ef9e1f781ec\" class=\"inv-section-heading-wrapper text-center position-relative header-lines \"><div class=\"inv-section-heading-title padding-15px-bottom\"><h2 style=\"color: #343434\"  class=\"ins-section-heading-title-inner no-margin  default\">Technology partners<\/h2><\/div><\/div>[vc_empty_space height=&#8221;70px&#8221;][vc_row_inner el_class=&#8221;text-center&#8221;][vc_column_inner offset=&#8221;vc_hidden-xs&#8221;][vc_images_carousel images=&#8221;13425,13422,13424,13423,13596&#8243; img_size=&#8221;full&#8221; onclick=&#8221;link_no&#8221; speed=&#8221;2000&#8243; slides_per_view=&#8221;5&#8243; autoplay=&#8221;yes&#8221; hide_pagination_control=&#8221;yes&#8221; hide_prev_next_buttons=&#8221;yes&#8221; wrap=&#8221;yes&#8221; el_class=&#8221;vc_custominfiniteloop&#8221;][\/vc_column_inner][vc_column_inner offset=&#8221;vc_hidden-lg vc_hidden-md vc_hidden-sm&#8221;][vc_images_carousel images=&#8221;13425,13422,13424,13423,13596&#8243; img_size=&#8221;full&#8221; onclick=&#8221;link_no&#8221; speed=&#8221;2000&#8243; slides_per_view=&#8221;2&#8243; autoplay=&#8221;yes&#8221; hide_pagination_control=&#8221;yes&#8221; hide_prev_next_buttons=&#8221;yes&#8221; wrap=&#8221;yes&#8221; el_class=&#8221;vc_custominfiniteloop&#8221;][\/vc_column_inner][\/vc_row_inner][vc_empty_space height=&#8221;70px&#8221;][\/vc_column][\/vc_row]<\/p>\n","protected":false},"excerpt":{"rendered":"<p>[vc_row full_width=&#8221;stretch_row&#8221; full_height=&#8221;yes&#8221; content_placement=&#8221;middle&#8221; css=&#8221;.vc_custom_1621521778551{background: #092c59 url(https:\/\/nav.com.pl\/wp-content\/uploads\/2021\/05\/o-NAS.jpg?id=14179) !important;background-position: center !important;background-repeat: no-repeat !important;background-size: cover !important;}&#8221; el_class=&#8221;text-white&#8221; el_id=&#8221;page-header&#8221;][vc_column offset=&#8221;vc_col-lg-7 vc_col-md-9&#8243;][vc_column_text]A successful system implementation is able to streamline [&hellip;]<\/p>\n","protected":false},"author":1,"featured_media":0,"parent":0,"menu_order":0,"comment_status":"closed","ping_status":"closed","template":"","meta":{"inline_featured_image":false,"_mi_skip_tracking":false},"translation":{"provider":"WPGlobus","version":"3.0.2","language":"en","enabled_languages":["pl","en"],"languages":{"pl":{"title":true,"content":true,"excerpt":false},"en":{"title":true,"content":true,"excerpt":false}}},"yoast_head":"<!-- This site is optimized with the Yoast SEO plugin v21.8.1 - https:\/\/yoast.com\/wordpress\/plugins\/seo\/ -->\n<title>About us - NAVCOM<\/title>\n<meta name=\"description\" content=\"NAV.COM has the status of Microsoft Gold Partner in the categories of Cloud Platform and Data Analytics.\" \/>\n<meta name=\"robots\" content=\"index, follow, max-snippet:-1, max-image-preview:large, max-video-preview:-1\" \/>\n<link rel=\"canonical\" href=\"https:\/\/nav.com.pl\/o-nas\/\" \/>\n<meta property=\"og:locale\" content=\"en_US\" \/>\n<meta property=\"og:type\" content=\"article\" \/>\n<meta property=\"og:title\" content=\"About us - NAVCOM\" \/>\n<meta property=\"og:description\" content=\"NAV.COM has the status of Microsoft Gold Partner in the categories of Cloud Platform and Data Analytics.\" \/>\n<meta property=\"og:url\" content=\"https:\/\/nav.com.pl\/o-nas\/\" \/>\n<meta property=\"og:site_name\" content=\"NAVCOM\" \/>\n<meta property=\"article:modified_time\" content=\"2023-08-04T13:10:34+00:00\" \/>\n<meta name=\"twitter:card\" content=\"summary_large_image\" \/>\n<meta name=\"twitter:label1\" content=\"Est. reading time\" \/>\n\t<meta name=\"twitter:data1\" content=\"5 minutes\" \/>\n<script type=\"application\/ld+json\" class=\"yoast-schema-graph\">{\"@context\":\"https:\/\/schema.org\",\"@graph\":[{\"@type\":\"WebPage\",\"@id\":\"https:\/\/nav.com.pl\/o-nas\/\",\"url\":\"https:\/\/nav.com.pl\/o-nas\/\",\"name\":\"About us - NAVCOM\",\"isPartOf\":{\"@id\":\"https:\/\/nav.com.pl\/#website\"},\"datePublished\":\"2020-12-21T11:28:24+00:00\",\"dateModified\":\"2023-08-04T13:10:34+00:00\",\"description\":\"NAV.COM certyfikowany dostawca produkt\u00f3w Microsoft. Ponad 20-letnie do\u015bwiadczenie w rozwi\u0105zaniach IT dla biznesu. navcom\",\"breadcrumb\":{\"@id\":\"https:\/\/nav.com.pl\/o-nas\/#breadcrumb\"},\"inLanguage\":\"en-US\",\"potentialAction\":[{\"@type\":\"ReadAction\",\"target\":[\"https:\/\/nav.com.pl\/o-nas\/\"]}]},{\"@type\":\"BreadcrumbList\",\"@id\":\"https:\/\/nav.com.pl\/o-nas\/#breadcrumb\",\"itemListElement\":[{\"@type\":\"ListItem\",\"position\":1,\"name\":\"Strona g\u0142\u00f3wna\",\"item\":\"https:\/\/nav.com.pl\/\"},{\"@type\":\"ListItem\",\"position\":2,\"name\":\"O nas\"}]},{\"@type\":\"WebSite\",\"@id\":\"https:\/\/nav.com.pl\/#website\",\"url\":\"https:\/\/nav.com.pl\/\",\"name\":\"NAVCOM\",\"description\":\"\",\"potentialAction\":[{\"@type\":\"SearchAction\",\"target\":{\"@type\":\"EntryPoint\",\"urlTemplate\":\"https:\/\/nav.com.pl\/?s={search_term_string}\"},\"query-input\":\"required name=search_term_string\"}],\"inLanguage\":\"en-US\"}]}<\/script>\n<!-- \/ Yoast SEO plugin. -->","yoast_head_json":{"title":"About us - NAVCOM","description":"NAV.COM has the status of Microsoft Gold Partner in the categories of Cloud Platform and Data Analytics.","robots":{"index":"index","follow":"follow","max-snippet":"max-snippet:-1","max-image-preview":"max-image-preview:large","max-video-preview":"max-video-preview:-1"},"canonical":"https:\/\/nav.com.pl\/o-nas\/","og_locale":"en_US","og_type":"article","og_title":"About us - NAVCOM","og_description":"NAV.COM has the status of Microsoft Gold Partner in the categories of Cloud Platform and Data Analytics.","og_url":"https:\/\/nav.com.pl\/o-nas\/","og_site_name":"NAVCOM","article_modified_time":"2023-08-04T13:10:34+00:00","twitter_card":"summary_large_image","twitter_misc":{"Est. reading time":"5 minutes"},"schema":{"@context":"https:\/\/schema.org","@graph":[{"@type":"WebPage","@id":"https:\/\/nav.com.pl\/o-nas\/","url":"https:\/\/nav.com.pl\/o-nas\/","name":"About us - NAVCOM","isPartOf":{"@id":"https:\/\/nav.com.pl\/#website"},"datePublished":"2020-12-21T11:28:24+00:00","dateModified":"2023-08-04T13:10:34+00:00","description":"NAV.COM certyfikowany dostawca produkt\u00f3w Microsoft. Ponad 20-letnie do\u015bwiadczenie w rozwi\u0105zaniach IT dla biznesu. navcom","breadcrumb":{"@id":"https:\/\/nav.com.pl\/o-nas\/#breadcrumb"},"inLanguage":"en-US","potentialAction":[{"@type":"ReadAction","target":["https:\/\/nav.com.pl\/o-nas\/"]}]},{"@type":"BreadcrumbList","@id":"https:\/\/nav.com.pl\/o-nas\/#breadcrumb","itemListElement":[{"@type":"ListItem","position":1,"name":"Strona g\u0142\u00f3wna","item":"https:\/\/nav.com.pl\/"},{"@type":"ListItem","position":2,"name":"O nas"}]},{"@type":"WebSite","@id":"https:\/\/nav.com.pl\/#website","url":"https:\/\/nav.com.pl\/","name":"NAVCOM","description":"","potentialAction":[{"@type":"SearchAction","target":{"@type":"EntryPoint","urlTemplate":"https:\/\/nav.com.pl\/?s={search_term_string}"},"query-input":"required name=search_term_string"}],"inLanguage":"en-US"}]}},"_links":{"self":[{"href":"https:\/\/nav.com.pl\/en\/wp-json\/wp\/v2\/pages\/12989"}],"collection":[{"href":"https:\/\/nav.com.pl\/en\/wp-json\/wp\/v2\/pages"}],"about":[{"href":"https:\/\/nav.com.pl\/en\/wp-json\/wp\/v2\/types\/page"}],"author":[{"embeddable":true,"href":"https:\/\/nav.com.pl\/en\/wp-json\/wp\/v2\/users\/1"}],"replies":[{"embeddable":true,"href":"https:\/\/nav.com.pl\/en\/wp-json\/wp\/v2\/comments?post=12989"}],"version-history":[{"count":149,"href":"https:\/\/nav.com.pl\/en\/wp-json\/wp\/v2\/pages\/12989\/revisions"}],"predecessor-version":[{"id":15590,"href":"https:\/\/nav.com.pl\/en\/wp-json\/wp\/v2\/pages\/12989\/revisions\/15590"}],"wp:attachment":[{"href":"https:\/\/nav.com.pl\/en\/wp-json\/wp\/v2\/media?parent=12989"}],"curies":[{"name":"wp","href":"https:\/\/api.w.org\/{rel}","templated":true}]}}