{"id":10814,"date":"2017-11-11T06:54:57","date_gmt":"2017-11-11T05:54:57","guid":{"rendered":"http:\/\/insignia-themes.website\/invictus\/?page_id=10814"},"modified":"2021-07-27T12:38:10","modified_gmt":"2021-07-27T10:38:10","slug":"blog","status":"publish","type":"page","link":"https:\/\/nav.com.pl\/en\/blog\/","title":{"rendered":"Blog"},"content":{"rendered":"<p>[vc_row full_width=&#8221;stretch_row&#8221; content_placement=&#8221;middle&#8221; css=&#8221;.vc_custom_1609405000943{background: #092c59 url(https:\/\/nav.com.pl\/wp-content\/uploads\/2020\/12\/uslugi-bg.jpg?id=13133) !important;}&#8221; el_class=&#8221;text-white&#8221; el_id=&#8221;page-header&#8221;][vc_column width=&#8221;1\/2&#8243;]<div id=\"ins-heading-69d4551623bae\" class=\"inv-section-heading-wrapper text-left position-relative header-border-left \"><div class=\"inv-section-heading-title padding-15px-bottom\"><h1 style=\"color: #343434\"  class=\"ins-section-heading-title-inner no-margin  default\">Blog<\/h1><\/div><\/div>[\/vc_column][\/vc_row][vc_row][vc_column][vc_empty_space height=&#8221;50px&#8221;]<div class=\"blog-column-main-archive blog-element-main-archive \"> <div class=\"ajax_posts clearfix\"> <div class=\"inv-blog-element-grid-wrapper inv-blog-element-article-holder\" style=\"margin: 0 -20px;\">\n<div class=\"grid-sizer\"><\/div> <article style=\"padding: 0 20px; margin-bottom:40px;\" class=\"inv-post-blog-item-holder blog-full-thumb-wapper no-padding aos-init col-md-4 col-lg-4 col-sm-6 col-xs-12 inv-post_layout_4 post-15597 post type-post status-publish format-standard has-post-thumbnail hentry category-business-central category-e-commerce category-partner tag-e-commerce tag-platforma-b2b tag-sana\" data-aos-once=\"true\" data-aos=\"\" data-aos-delay=\"0\">\n<div style=\"background-image: url('https:\/\/nav.com.pl\/wp-content\/uploads\/2024\/03\/tlo-sana.png');\" class=\"blog-full-thumb-wapper\">\n<div class=\"blog-full-thumb-inner clearfix\">\n<div class=\"blog-full-thumb-thumb\">\n<div class=\"blog-full-thumb-content\">\n<div class=\"blog-full-thumb-cat-holder\"><span class=\"blog-full-thumb-cat\"><a href=\"https:\/\/nav.com.pl\/en\/category\/business-central\/\" rel=\"category tag\">Business Central<\/a>, <a href=\"https:\/\/nav.com.pl\/en\/category\/e-commerce\/\" rel=\"category tag\">E-commerce<\/a>, <a href=\"https:\/\/nav.com.pl\/en\/category\/partner\/\" rel=\"category tag\">Partner<\/a><\/span><\/div>\n<p><a class=\"blog-full-thumb-link\" href=\"https:\/\/nav.com.pl\/en\/partnerstwo-z-sana-commerce\/\"><i class=\"ti-arrow-right\" aria-hidden=\"true\"><!--icon--><\/i><\/a><\/p>\n<div class=\"blog-full-thumb-meta\"><span class=\"blog-full-thumb-date white-text\">12 Mar 2024<\/span><\/div>\n<h3 class=\"blog-full-thumb-title\"><a class=\"white-text\" href=\"https:\/\/nav.com.pl\/en\/partnerstwo-z-sana-commerce\/\">Partnership with Sana Commerce<\/a><\/h3>\n<\/div>\n<\/div>\n<\/div>\n<\/div>\n<\/article> <article style=\"padding: 0 20px; margin-bottom:40px;\" class=\"inv-post-blog-item-holder blog-full-thumb-wapper no-padding aos-init col-md-4 col-lg-4 col-sm-6 col-xs-12 inv-post_layout_4 post-15585 post type-post status-publish format-standard has-post-thumbnail hentry category-business-central category-infografika\" data-aos-once=\"true\" data-aos=\"\" data-aos-delay=\"0\">\n<div style=\"background-image: url('https:\/\/nav.com.pl\/wp-content\/uploads\/2022\/01\/bc-tlo.png');\" class=\"blog-full-thumb-wapper\">\n<div class=\"blog-full-thumb-inner clearfix\">\n<div class=\"blog-full-thumb-thumb\">\n<div class=\"blog-full-thumb-content\">\n<div class=\"blog-full-thumb-cat-holder\"><span class=\"blog-full-thumb-cat\"><a href=\"https:\/\/nav.com.pl\/en\/category\/business-central\/\" rel=\"category tag\">Business Central<\/a>, <a href=\"https:\/\/nav.com.pl\/en\/category\/infografika\/\" rel=\"category tag\">Infografika<\/a><\/span><\/div>\n<p><a class=\"blog-full-thumb-link\" href=\"https:\/\/nav.com.pl\/en\/przewodnik-po-bc-modul-analiza-i-raportowanie\/\"><i class=\"ti-arrow-right\" aria-hidden=\"true\"><!--icon--><\/i><\/a><\/p>\n<div class=\"blog-full-thumb-meta\"><span class=\"blog-full-thumb-date white-text\">03 Feb 2023<\/span><\/div>\n<h3 class=\"blog-full-thumb-title\"><a class=\"white-text\" href=\"https:\/\/nav.com.pl\/en\/przewodnik-po-bc-modul-analiza-i-raportowanie\/\">Przewodnik po BC &#8211; Modu\u0142 Analiza i Raportowanie<\/a><\/h3>\n<\/div>\n<\/div>\n<\/div>\n<\/div>\n<\/article> <article style=\"padding: 0 20px; margin-bottom:40px;\" class=\"inv-post-blog-item-holder blog-full-thumb-wapper no-padding aos-init col-md-4 col-lg-4 col-sm-6 col-xs-12 inv-post_layout_4 post-15580 post type-post status-publish format-standard has-post-thumbnail hentry category-business-central category-infografika\" data-aos-once=\"true\" data-aos=\"\" data-aos-delay=\"0\">\n<div style=\"background-image: url('https:\/\/nav.com.pl\/wp-content\/uploads\/2022\/01\/bc-tlo.png');\" class=\"blog-full-thumb-wapper\">\n<div class=\"blog-full-thumb-inner clearfix\">\n<div class=\"blog-full-thumb-thumb\">\n<div class=\"blog-full-thumb-content\">\n<div class=\"blog-full-thumb-cat-holder\"><span class=\"blog-full-thumb-cat\"><a href=\"https:\/\/nav.com.pl\/en\/category\/business-central\/\" rel=\"category tag\">Business Central<\/a>, <a href=\"https:\/\/nav.com.pl\/en\/category\/infografika\/\" rel=\"category tag\">Infografika<\/a><\/span><\/div>\n<p><a class=\"blog-full-thumb-link\" href=\"https:\/\/nav.com.pl\/en\/przewodnik-po-bc-modul-marketing-i-crm\/\"><i class=\"ti-arrow-right\" aria-hidden=\"true\"><!--icon--><\/i><\/a><\/p>\n<div class=\"blog-full-thumb-meta\"><span class=\"blog-full-thumb-date white-text\">16 Dec 2022<\/span><\/div>\n<h3 class=\"blog-full-thumb-title\"><a class=\"white-text\" href=\"https:\/\/nav.com.pl\/en\/przewodnik-po-bc-modul-marketing-i-crm\/\">Przewodnik po BC &#8211; Modu\u0142 Marketing i CRM<\/a><\/h3>\n<\/div>\n<\/div>\n<\/div>\n<\/div>\n<\/article> <article style=\"padding: 0 20px; margin-bottom:40px;\" class=\"inv-post-blog-item-holder blog-full-thumb-wapper no-padding aos-init col-md-4 col-lg-4 col-sm-6 col-xs-12 inv-post_layout_4 post-15574 post type-post status-publish format-standard has-post-thumbnail hentry category-business-central category-infografika\" data-aos-once=\"true\" data-aos=\"\" data-aos-delay=\"0\">\n<div style=\"background-image: url('https:\/\/nav.com.pl\/wp-content\/uploads\/2022\/01\/bc-tlo.png');\" class=\"blog-full-thumb-wapper\">\n<div class=\"blog-full-thumb-inner clearfix\">\n<div class=\"blog-full-thumb-thumb\">\n<div class=\"blog-full-thumb-content\">\n<div class=\"blog-full-thumb-cat-holder\"><span class=\"blog-full-thumb-cat\"><a href=\"https:\/\/nav.com.pl\/en\/category\/business-central\/\" rel=\"category tag\">Business Central<\/a>, <a href=\"https:\/\/nav.com.pl\/en\/category\/infografika\/\" rel=\"category tag\">Infografika<\/a><\/span><\/div>\n<p><a class=\"blog-full-thumb-link\" href=\"https:\/\/nav.com.pl\/en\/przewodnik-po-bc-modul-magazyn-i-zarzadzanie-zapasami\/\"><i class=\"ti-arrow-right\" aria-hidden=\"true\"><!--icon--><\/i><\/a><\/p>\n<div class=\"blog-full-thumb-meta\"><span class=\"blog-full-thumb-date white-text\">29 Nov 2022<\/span><\/div>\n<h3 class=\"blog-full-thumb-title\"><a class=\"white-text\" href=\"https:\/\/nav.com.pl\/en\/przewodnik-po-bc-modul-magazyn-i-zarzadzanie-zapasami\/\">Przewodnik po BC &#8211; Modu\u0142 Magazyn i Zarz\u0105dzanie Zapasami<\/a><\/h3>\n<\/div>\n<\/div>\n<\/div>\n<\/div>\n<\/article> <article style=\"padding: 0 20px; margin-bottom:40px;\" class=\"inv-post-blog-item-holder blog-full-thumb-wapper no-padding aos-init col-md-4 col-lg-4 col-sm-6 col-xs-12 inv-post_layout_4 post-15569 post type-post status-publish format-standard has-post-thumbnail hentry category-business-central category-infografika\" data-aos-once=\"true\" data-aos=\"\" data-aos-delay=\"0\">\n<div style=\"background-image: url('https:\/\/nav.com.pl\/wp-content\/uploads\/2022\/01\/bc-tlo.png');\" class=\"blog-full-thumb-wapper\">\n<div class=\"blog-full-thumb-inner clearfix\">\n<div class=\"blog-full-thumb-thumb\">\n<div class=\"blog-full-thumb-content\">\n<div class=\"blog-full-thumb-cat-holder\"><span class=\"blog-full-thumb-cat\"><a href=\"https:\/\/nav.com.pl\/en\/category\/business-central\/\" rel=\"category tag\">Business Central<\/a>, <a href=\"https:\/\/nav.com.pl\/en\/category\/infografika\/\" rel=\"category tag\">Infografika<\/a><\/span><\/div>\n<p><a class=\"blog-full-thumb-link\" href=\"https:\/\/nav.com.pl\/en\/przewodnik-po-bc-modul-sprzedaz-i-zakupy\/\"><i class=\"ti-arrow-right\" aria-hidden=\"true\"><!--icon--><\/i><\/a><\/p>\n<div class=\"blog-full-thumb-meta\"><span class=\"blog-full-thumb-date white-text\">25 Oct 2022<\/span><\/div>\n<h3 class=\"blog-full-thumb-title\"><a class=\"white-text\" href=\"https:\/\/nav.com.pl\/en\/przewodnik-po-bc-modul-sprzedaz-i-zakupy\/\">Przewodnik po BC &#8211; Modu\u0142 Sprzeda\u017c i Zakupy<\/a><\/h3>\n<\/div>\n<\/div>\n<\/div>\n<\/div>\n<\/article> <article style=\"padding: 0 20px; margin-bottom:40px;\" class=\"inv-post-blog-item-holder blog-full-thumb-wapper no-padding aos-init col-md-4 col-lg-4 col-sm-6 col-xs-12 inv-post_layout_4 post-15557 post type-post status-publish format-standard has-post-thumbnail hentry category-business-central category-infografika\" data-aos-once=\"true\" data-aos=\"\" data-aos-delay=\"0\">\n<div style=\"background-image: url('https:\/\/nav.com.pl\/wp-content\/uploads\/2022\/01\/bc-tlo.png');\" class=\"blog-full-thumb-wapper\">\n<div class=\"blog-full-thumb-inner clearfix\">\n<div class=\"blog-full-thumb-thumb\">\n<div class=\"blog-full-thumb-content\">\n<div class=\"blog-full-thumb-cat-holder\"><span class=\"blog-full-thumb-cat\"><a href=\"https:\/\/nav.com.pl\/en\/category\/business-central\/\" rel=\"category tag\">Business Central<\/a>, <a href=\"https:\/\/nav.com.pl\/en\/category\/infografika\/\" rel=\"category tag\">Infografika<\/a><\/span><\/div>\n<p><a class=\"blog-full-thumb-link\" href=\"https:\/\/nav.com.pl\/en\/bc-modul-zarzadzanie-finansami\/\"><i class=\"ti-arrow-right\" aria-hidden=\"true\"><!--icon--><\/i><\/a><\/p>\n<div class=\"blog-full-thumb-meta\"><span class=\"blog-full-thumb-date white-text\">22 Sep 2022<\/span><\/div>\n<h3 class=\"blog-full-thumb-title\"><a class=\"white-text\" href=\"https:\/\/nav.com.pl\/en\/bc-modul-zarzadzanie-finansami\/\">Przewodnik po BC &#8211; modu\u0142 zarz\u0105dzania finansami<\/a><\/h3>\n<\/div>\n<\/div>\n<\/div>\n<\/div>\n<\/article> <article style=\"padding: 0 20px; margin-bottom:40px;\" class=\"inv-post-blog-item-holder blog-full-thumb-wapper no-padding aos-init col-md-4 col-lg-4 col-sm-6 col-xs-12 inv-post_layout_4 post-15552 post type-post status-publish format-standard has-post-thumbnail hentry category-business-central category-infografika\" data-aos-once=\"true\" data-aos=\"\" data-aos-delay=\"0\">\n<div style=\"background-image: url('https:\/\/nav.com.pl\/wp-content\/uploads\/2022\/01\/bc-tlo.png');\" class=\"blog-full-thumb-wapper\">\n<div class=\"blog-full-thumb-inner clearfix\">\n<div class=\"blog-full-thumb-thumb\">\n<div class=\"blog-full-thumb-content\">\n<div class=\"blog-full-thumb-cat-holder\"><span class=\"blog-full-thumb-cat\"><a href=\"https:\/\/nav.com.pl\/en\/category\/business-central\/\" rel=\"category tag\">Business Central<\/a>, <a href=\"https:\/\/nav.com.pl\/en\/category\/infografika\/\" rel=\"category tag\">Infografika<\/a><\/span><\/div>\n<p><a class=\"blog-full-thumb-link\" href=\"https:\/\/nav.com.pl\/en\/navision-nav-business-central\/\"><i class=\"ti-arrow-right\" aria-hidden=\"true\"><!--icon--><\/i><\/a><\/p>\n<div class=\"blog-full-thumb-meta\"><span class=\"blog-full-thumb-date white-text\">29 Jul 2022<\/span><\/div>\n<h3 class=\"blog-full-thumb-title\"><a class=\"white-text\" href=\"https:\/\/nav.com.pl\/en\/navision-nav-business-central\/\">Navision &#8211; NAV &#8211; Business Central<\/a><\/h3>\n<\/div>\n<\/div>\n<\/div>\n<\/div>\n<\/article> <article style=\"padding: 0 20px; margin-bottom:40px;\" class=\"inv-post-blog-item-holder blog-full-thumb-wapper no-padding aos-init col-md-4 col-lg-4 col-sm-6 col-xs-12 inv-post_layout_4 post-15547 post type-post status-publish format-standard has-post-thumbnail hentry category-infografika\" data-aos-once=\"true\" data-aos=\"\" data-aos-delay=\"0\">\n<div style=\"background-image: url('https:\/\/nav.com.pl\/wp-content\/uploads\/2021\/05\/chmura.jpg');\" class=\"blog-full-thumb-wapper\">\n<div class=\"blog-full-thumb-inner clearfix\">\n<div class=\"blog-full-thumb-thumb\">\n<div class=\"blog-full-thumb-content\">\n<div class=\"blog-full-thumb-cat-holder\"><span class=\"blog-full-thumb-cat\"><a href=\"https:\/\/nav.com.pl\/en\/category\/infografika\/\" rel=\"category tag\">Infografika<\/a><\/span><\/div>\n<p><a class=\"blog-full-thumb-link\" href=\"https:\/\/nav.com.pl\/en\/przenies-swoj-biznes-w-chmury-z-microsoft\/\"><i class=\"ti-arrow-right\" aria-hidden=\"true\"><!--icon--><\/i><\/a><\/p>\n<div class=\"blog-full-thumb-meta\"><span class=\"blog-full-thumb-date white-text\">01 Jun 2022<\/span><\/div>\n<h3 class=\"blog-full-thumb-title\"><a class=\"white-text\" href=\"https:\/\/nav.com.pl\/en\/przenies-swoj-biznes-w-chmury-z-microsoft\/\">Dlaczego warto przej\u015b\u0107 do chmury &#8211; Infografika<\/a><\/h3>\n<\/div>\n<\/div>\n<\/div>\n<\/div>\n<\/article> <article style=\"padding: 0 20px; margin-bottom:40px;\" class=\"inv-post-blog-item-holder blog-full-thumb-wapper no-padding aos-init col-md-4 col-lg-4 col-sm-6 col-xs-12 inv-post_layout_4 post-15540 post type-post status-publish format-standard has-post-thumbnail hentry category-software\" data-aos-once=\"true\" data-aos=\"\" data-aos-delay=\"0\">\n<div style=\"background-image: url('https:\/\/nav.com.pl\/wp-content\/uploads\/2022\/05\/Co-to-jest-oprogramowanie-CRM-e1653909549276.png');\" class=\"blog-full-thumb-wapper\">\n<div class=\"blog-full-thumb-inner clearfix\">\n<div class=\"blog-full-thumb-thumb\">\n<div class=\"blog-full-thumb-content\">\n<div class=\"blog-full-thumb-cat-holder\"><span class=\"blog-full-thumb-cat\"><a href=\"https:\/\/nav.com.pl\/en\/category\/software\/\" rel=\"category tag\">Software<\/a><\/span><\/div>\n<p><a class=\"blog-full-thumb-link\" href=\"https:\/\/nav.com.pl\/en\/erp-i-crm-czyli-duet-idealny\/\"><i class=\"ti-arrow-right\" aria-hidden=\"true\"><!--icon--><\/i><\/a><\/p>\n<div class=\"blog-full-thumb-meta\"><span class=\"blog-full-thumb-date white-text\">30 May 2022<\/span><\/div>\n<h3 class=\"blog-full-thumb-title\"><a class=\"white-text\" href=\"https:\/\/nav.com.pl\/en\/erp-i-crm-czyli-duet-idealny\/\">ERP i CRM, czyli duet idealny<\/a><\/h3>\n<\/div>\n<\/div>\n<\/div>\n<\/div>\n<\/article> <article style=\"padding: 0 20px; margin-bottom:40px;\" class=\"inv-post-blog-item-holder blog-full-thumb-wapper no-padding aos-init col-md-4 col-lg-4 col-sm-6 col-xs-12 inv-post_layout_4 post-15529 post type-post status-publish format-standard has-post-thumbnail hentry category-infografika\" data-aos-once=\"true\" data-aos=\"\" data-aos-delay=\"0\">\n<div style=\"background-image: url('https:\/\/nav.com.pl\/wp-content\/uploads\/2022\/04\/1-2.jpg');\" class=\"blog-full-thumb-wapper\">\n<div class=\"blog-full-thumb-inner clearfix\">\n<div class=\"blog-full-thumb-thumb\">\n<div class=\"blog-full-thumb-content\">\n<div class=\"blog-full-thumb-cat-holder\"><span class=\"blog-full-thumb-cat\"><a href=\"https:\/\/nav.com.pl\/en\/category\/infografika\/\" rel=\"category tag\">Infografika<\/a><\/span><\/div>\n<p><a class=\"blog-full-thumb-link\" href=\"https:\/\/nav.com.pl\/en\/zrownowazony-rozwoj-microsoft-2\/\"><i class=\"ti-arrow-right\" aria-hidden=\"true\"><!--icon--><\/i><\/a><\/p>\n<div class=\"blog-full-thumb-meta\"><span class=\"blog-full-thumb-date white-text\">22 Apr 2022<\/span><\/div>\n<h3 class=\"blog-full-thumb-title\"><a class=\"white-text\" href=\"https:\/\/nav.com.pl\/en\/zrownowazony-rozwoj-microsoft-2\/\">Zr\u00f3wnowa\u017cony rozw\u00f3j Microsoft &#8211; Infografika<\/a><\/h3>\n<\/div>\n<\/div>\n<\/div>\n<\/div>\n<\/article> <article style=\"padding: 0 20px; margin-bottom:40px;\" class=\"inv-post-blog-item-holder blog-full-thumb-wapper no-padding aos-init col-md-4 col-lg-4 col-sm-6 col-xs-12 inv-post_layout_4 post-15465 post type-post status-publish format-standard has-post-thumbnail hentry category-business-central\" data-aos-once=\"true\" data-aos=\"\" data-aos-delay=\"0\">\n<div style=\"background-image: url('https:\/\/nav.com.pl\/wp-content\/uploads\/2022\/02\/Super_businessman_flying_up_from_cloud-scaled.jpg');\" class=\"blog-full-thumb-wapper\">\n<div class=\"blog-full-thumb-inner clearfix\">\n<div class=\"blog-full-thumb-thumb\">\n<div class=\"blog-full-thumb-content\">\n<div class=\"blog-full-thumb-cat-holder\"><span class=\"blog-full-thumb-cat\"><a href=\"https:\/\/nav.com.pl\/en\/category\/business-central\/\" rel=\"category tag\">Business Central<\/a><\/span><\/div>\n<p><a class=\"blog-full-thumb-link\" href=\"https:\/\/nav.com.pl\/en\/microsoft-dynamics-365-business-central-superbohater-biznesu\/\"><i class=\"ti-arrow-right\" aria-hidden=\"true\"><!--icon--><\/i><\/a><\/p>\n<div class=\"blog-full-thumb-meta\"><span class=\"blog-full-thumb-date white-text\">18 Feb 2022<\/span><\/div>\n<h3 class=\"blog-full-thumb-title\"><a class=\"white-text\" href=\"https:\/\/nav.com.pl\/en\/microsoft-dynamics-365-business-central-superbohater-biznesu\/\">Microsoft Dynamics 365 Business Central &#8211; Superbohater Biznesu<\/a><\/h3>\n<\/div>\n<\/div>\n<\/div>\n<\/div>\n<\/article> <article style=\"padding: 0 20px; margin-bottom:40px;\" class=\"inv-post-blog-item-holder blog-full-thumb-wapper no-padding aos-init col-md-4 col-lg-4 col-sm-6 col-xs-12 inv-post_layout_4 post-15460 post type-post status-publish format-standard has-post-thumbnail hentry category-news\" data-aos-once=\"true\" data-aos=\"\" data-aos-delay=\"0\">\n<div style=\"background-image: url('https:\/\/nav.com.pl\/wp-content\/uploads\/2022\/02\/microsoft-sign-at-the-entrance-of-their-silicon-valley-campus-471179856-5c3d5d9a46e0fb00016dd455.jpg');\" class=\"blog-full-thumb-wapper\">\n<div class=\"blog-full-thumb-inner clearfix\">\n<div class=\"blog-full-thumb-thumb\">\n<div class=\"blog-full-thumb-content\">\n<div class=\"blog-full-thumb-cat-holder\"><span class=\"blog-full-thumb-cat\"><a href=\"https:\/\/nav.com.pl\/en\/category\/news\/\" rel=\"category tag\">News<\/a><\/span><\/div>\n<p><a class=\"blog-full-thumb-link\" href=\"https:\/\/nav.com.pl\/en\/microsoft-dynamics-365-release-wave-1-2022-plan-na-business-central\/\"><i class=\"ti-arrow-right\" aria-hidden=\"true\"><!--icon--><\/i><\/a><\/p>\n<div class=\"blog-full-thumb-meta\"><span class=\"blog-full-thumb-date white-text\">01 Feb 2022<\/span><\/div>\n<h3 class=\"blog-full-thumb-title\"><a class=\"white-text\" href=\"https:\/\/nav.com.pl\/en\/microsoft-dynamics-365-release-wave-1-2022-plan-na-business-central\/\">Microsoft Dynamics 365 release wave 1 2022 &#8211; plan na Business Central<\/a><\/h3>\n<\/div>\n<\/div>\n<\/div>\n<\/div>\n<\/article> <\/div> <\/div> <\/div>[vc_empty_space height=&#8221;50px&#8221;][\/vc_column][\/vc_row]<\/p>\n","protected":false},"excerpt":{"rendered":"<p>[vc_row full_width=&#8221;stretch_row&#8221; content_placement=&#8221;middle&#8221; css=&#8221;.vc_custom_1609405000943{background: #092c59 url(https:\/\/nav.com.pl\/wp-content\/uploads\/2020\/12\/uslugi-bg.jpg?id=13133) !important;}&#8221; el_class=&#8221;text-white&#8221; el_id=&#8221;page-header&#8221;][vc_column width=&#8221;1\/2&#8243;][\/vc_column][\/vc_row][vc_row][vc_column][vc_empty_space height=&#8221;50px&#8221;][vc_empty_space height=&#8221;50px&#8221;][\/vc_column][\/vc_row]<\/p>\n","protected":false},"author":1,"featured_media":0,"parent":0,"menu_order":0,"comment_status":"closed","ping_status":"closed","template":"","meta":{"inline_featured_image":false,"_mi_skip_tracking":false},"translation":{"provider":"WPGlobus","version":"3.0.2","language":"en","enabled_languages":["pl","en"],"languages":{"pl":{"title":true,"content":true,"excerpt":false},"en":{"title":true,"content":true,"excerpt":false}}},"yoast_head":"<!-- This site is optimized with the Yoast SEO plugin v21.8.1 - https:\/\/yoast.com\/wordpress\/plugins\/seo\/ -->\n<title>Blog - NAVCOM<\/title>\n<meta name=\"robots\" content=\"index, follow, max-snippet:-1, max-image-preview:large, max-video-preview:-1\" \/>\n<link rel=\"canonical\" href=\"https:\/\/nav.com.pl\/blog\/\" \/>\n<meta property=\"og:locale\" content=\"en_US\" \/>\n<meta property=\"og:type\" content=\"article\" \/>\n<meta property=\"og:title\" content=\"Blog - NAVCOM\" \/>\n<meta property=\"og:url\" content=\"https:\/\/nav.com.pl\/blog\/\" \/>\n<meta property=\"og:site_name\" content=\"NAVCOM\" \/>\n<meta property=\"article:modified_time\" content=\"2021-07-27T10:38:10+00:00\" \/>\n<meta name=\"twitter:card\" content=\"summary_large_image\" \/>\n<meta name=\"twitter:label1\" content=\"Est. reading time\" \/>\n\t<meta name=\"twitter:data1\" content=\"1 minute\" \/>\n<script type=\"application\/ld+json\" class=\"yoast-schema-graph\">{\"@context\":\"https:\/\/schema.org\",\"@graph\":[{\"@type\":\"WebPage\",\"@id\":\"https:\/\/nav.com.pl\/blog\/\",\"url\":\"https:\/\/nav.com.pl\/blog\/\",\"name\":\"Blog - NAVCOM\",\"isPartOf\":{\"@id\":\"https:\/\/nav.com.pl\/#website\"},\"datePublished\":\"2017-11-11T05:54:57+00:00\",\"dateModified\":\"2021-07-27T10:38:10+00:00\",\"breadcrumb\":{\"@id\":\"https:\/\/nav.com.pl\/blog\/#breadcrumb\"},\"inLanguage\":\"en-US\",\"potentialAction\":[{\"@type\":\"ReadAction\",\"target\":[\"https:\/\/nav.com.pl\/blog\/\"]}]},{\"@type\":\"BreadcrumbList\",\"@id\":\"https:\/\/nav.com.pl\/blog\/#breadcrumb\",\"itemListElement\":[{\"@type\":\"ListItem\",\"position\":1,\"name\":\"Strona g\u0142\u00f3wna\",\"item\":\"https:\/\/nav.com.pl\/\"},{\"@type\":\"ListItem\",\"position\":2,\"name\":\"Blog\"}]},{\"@type\":\"WebSite\",\"@id\":\"https:\/\/nav.com.pl\/#website\",\"url\":\"https:\/\/nav.com.pl\/\",\"name\":\"NAVCOM\",\"description\":\"\",\"potentialAction\":[{\"@type\":\"SearchAction\",\"target\":{\"@type\":\"EntryPoint\",\"urlTemplate\":\"https:\/\/nav.com.pl\/?s={search_term_string}\"},\"query-input\":\"required name=search_term_string\"}],\"inLanguage\":\"en-US\"}]}<\/script>\n<!-- \/ Yoast SEO plugin. -->","yoast_head_json":{"title":"Blog - NAVCOM","robots":{"index":"index","follow":"follow","max-snippet":"max-snippet:-1","max-image-preview":"max-image-preview:large","max-video-preview":"max-video-preview:-1"},"canonical":"https:\/\/nav.com.pl\/blog\/","og_locale":"en_US","og_type":"article","og_title":"Blog - NAVCOM","og_url":"https:\/\/nav.com.pl\/blog\/","og_site_name":"NAVCOM","article_modified_time":"2021-07-27T10:38:10+00:00","twitter_card":"summary_large_image","twitter_misc":{"Est. reading time":"1 minute"},"schema":{"@context":"https:\/\/schema.org","@graph":[{"@type":"WebPage","@id":"https:\/\/nav.com.pl\/blog\/","url":"https:\/\/nav.com.pl\/blog\/","name":"Blog - NAVCOM","isPartOf":{"@id":"https:\/\/nav.com.pl\/#website"},"datePublished":"2017-11-11T05:54:57+00:00","dateModified":"2021-07-27T10:38:10+00:00","breadcrumb":{"@id":"https:\/\/nav.com.pl\/blog\/#breadcrumb"},"inLanguage":"en-US","potentialAction":[{"@type":"ReadAction","target":["https:\/\/nav.com.pl\/blog\/"]}]},{"@type":"BreadcrumbList","@id":"https:\/\/nav.com.pl\/blog\/#breadcrumb","itemListElement":[{"@type":"ListItem","position":1,"name":"Strona g\u0142\u00f3wna","item":"https:\/\/nav.com.pl\/"},{"@type":"ListItem","position":2,"name":"Blog"}]},{"@type":"WebSite","@id":"https:\/\/nav.com.pl\/#website","url":"https:\/\/nav.com.pl\/","name":"NAVCOM","description":"","potentialAction":[{"@type":"SearchAction","target":{"@type":"EntryPoint","urlTemplate":"https:\/\/nav.com.pl\/?s={search_term_string}"},"query-input":"required name=search_term_string"}],"inLanguage":"en-US"}]}},"_links":{"self":[{"href":"https:\/\/nav.com.pl\/en\/wp-json\/wp\/v2\/pages\/10814"}],"collection":[{"href":"https:\/\/nav.com.pl\/en\/wp-json\/wp\/v2\/pages"}],"about":[{"href":"https:\/\/nav.com.pl\/en\/wp-json\/wp\/v2\/types\/page"}],"author":[{"embeddable":true,"href":"https:\/\/nav.com.pl\/en\/wp-json\/wp\/v2\/users\/1"}],"replies":[{"embeddable":true,"href":"https:\/\/nav.com.pl\/en\/wp-json\/wp\/v2\/comments?post=10814"}],"version-history":[{"count":9,"href":"https:\/\/nav.com.pl\/en\/wp-json\/wp\/v2\/pages\/10814\/revisions"}],"predecessor-version":[{"id":15131,"href":"https:\/\/nav.com.pl\/en\/wp-json\/wp\/v2\/pages\/10814\/revisions\/15131"}],"wp:attachment":[{"href":"https:\/\/nav.com.pl\/en\/wp-json\/wp\/v2\/media?parent=10814"}],"curies":[{"name":"wp","href":"https:\/\/api.w.org\/{rel}","templated":true}]}}